{"id":961,"date":"2024-09-17T15:28:43","date_gmt":"2024-09-17T13:28:43","guid":{"rendered":"https:\/\/vilanova.travel\/casamuseovalleinclan\/?page_id=961"},"modified":"2026-03-05T13:34:44","modified_gmt":"2026-03-05T11:34:44","slug":"politica-de-cookies","status":"publish","type":"page","link":"https:\/\/vilanova.travel\/casamuseovalleinclan\/politica-de-cookies\/","title":{"rendered":"Pol\u00edtica de cookies"},"content":{"rendered":"\t\t<div data-elementor-type=\"wp-page\" data-elementor-id=\"961\" class=\"elementor elementor-961\">\n\t\t\t\t<div class=\"elementor-element elementor-element-5e9df6d e-con-full e-flex e-con e-parent\" data-id=\"5e9df6d\" data-element_type=\"container\" data-e-type=\"container\">\n\t\t\t\t<div class=\"elementor-element elementor-element-870e1e1 elementor-widget elementor-widget-heading\" data-id=\"870e1e1\" data-element_type=\"widget\" data-e-type=\"widget\" data-widget_type=\"heading.default\">\n\t\t\t\t<div class=\"elementor-widget-container\">\n\t\t\t\t\t<h2 class=\"elementor-heading-title elementor-size-default\">Pol\u00edtica de cookies<\/h2>\t\t\t\t<\/div>\n\t\t\t\t<\/div>\n\t\t\t\t<div class=\"elementor-element elementor-element-cd5b167 elementor-widget elementor-widget-text-editor\" data-id=\"cd5b167\" data-element_type=\"widget\" data-e-type=\"widget\" data-widget_type=\"text-editor.default\">\n\t\t\t\t<div class=\"elementor-widget-container\">\n\t\t\t\t\t\t\t\t\t<p><strong>1. Informaci\u00f3n b\u00e1sica sobre las cookies\u00a0<\/strong><\/p><ul><li><u>Lo que el usuario debe saber sobre las Cookies<\/u><\/li><\/ul><p>Las cookies (galletas) son peque\u00f1os archivos que guardan informaci\u00f3n en los dispositivos de los Usuarios que usan nuestra Web.<\/p><p>Las cookies se asocian con el navegador de un ordenador o dispositivo determinado. Gracias a ellas, resulta posible que LA WEB DE LA CASA MUSEO VALLE-INCL\u00c1N reconozca los navegadores de los Usuarios; tambi\u00e9n sirven para determinar las preferencias del usuario de navegaci\u00f3n y, a partir de ello, evaluar las preferencias del usuario pudiendo usarlas como indicadores, todo ello para mejorar nuestra oferta de servicios.<\/p><ul><li><u>La aceptaci\u00f3n de las cookies en LA WEB DE LA CASA MUSEO VALLE-INCL\u00c1N<\/u>:<\/li><\/ul><p>La Ley 34\/2002, de 11 de julio, de Sociedad de la Informaci\u00f3n y Comercio Electr\u00f3nico (en adelante, LSSI) en relaci\u00f3n con las cookies exige que nuestros Usuarios sean informados con car\u00e1cter previo a la experiencia de navegaci\u00f3n en la plataforma sobre el uso, tipo y finalidad de las cookies. Esa es la raz\u00f3n por la que hemos implementado un aviso informativo que se despliega una vez que el usuario accede a nuestra Web, informando de manera previa, y dando la opci\u00f3n de que el usuario escoja las cookies que desea permitir y las acepte expresamente, cumpliendo as\u00ed con los criterios establecidos por el Comit\u00e9 Europeo de Protecci\u00f3n de Datos y la <a href=\"https:\/\/www.aepd.es\/sites\/default\/files\/2020-07\/guia-cookies.pdf\">Gu\u00eda sobre el uso de cookies publicada por la AEPD en julio 2020<\/a>.<\/p><p><strong>2. Informaci\u00f3n detallada sobre las cookies\u00a0<\/strong><\/p><ul><li><strong><u>Cookies t\u00e9cnicas o funcionales<\/u><\/strong>: son aquellas que permiten al usuario la navegaci\u00f3n a trav\u00e9s de una p\u00e1gina web,\u00a0 plataforma o aplicaci\u00f3n y la utilizaci\u00f3n de las diferentes opciones o servicios que en ella existan,\u00a0 incluyendo aquellas que el editor utiliza para permitir la gesti\u00f3n y operativa de la p\u00e1gina web y habilitar\u00a0 sus funciones y servicios, como, por ejemplo, controlar el tr\u00e1fico y la comunicaci\u00f3n de datos, identificar la\u00a0 sesi\u00f3n, acceder a partes de acceso restringido, recordar los elementos que integran un pedido, realizar el proceso de compra de\u00a0 un\u00a0 pedido,\u00a0 gestionar el pago, controlar el fraude vinculado a la seguridad del\u00a0\u00a0 servicio,\u00a0 realizar\u00a0 la\u00a0 solicitud de inscripci\u00f3n o participaci\u00f3n en un evento,\u00a0 contar visitas a efectos de la\u00a0 facturaci\u00f3n de licencias del software con el que funciona el servicio (sitio web, plataforma o aplicaci\u00f3n), utilizar elementos de seguridad durante la navegaci\u00f3n, almacenar contenidos para la difusi\u00f3n de v\u00eddeos o sonido, habilita contenidos din\u00e1micos (por ejemplo, animaci\u00f3n de carga de un texto o imagen) o compartir contenidos a trav\u00e9s de redes sociales.<\/li><\/ul><p>Tambi\u00e9n pertenecen a esta categor\u00eda, por su naturaleza t\u00e9cnica, aquellas cookies que permiten la gesti\u00f3n, de la forma m\u00e1s eficaz posible, de los espacios publicitarios que, como un elemento m\u00e1s de dise\u00f1o o \u201cmaquetaci\u00f3n\u201d del servicio ofrecido al usuario, el editor haya incluido en una p\u00e1gina web, aplicaci\u00f3n o plataforma en base a criterios como el contenido editado, sin que se recopile informaci\u00f3n de los usuarios con fines distintos, como puede ser personalizar ese contenido publicitario u otros contenidos.<\/p><p><em>*Las cookies t\u00e9cnicas estar\u00e1n exceptuadas del cumplimiento de las obligaciones establecidas en el art\u00edculo 22.2 de la LSSI cuando permitan prestar el servicio solicitado por el usuario, como ocurre en el caso de las cookies enumeradas en los p\u00e1rrafos anteriores. Sin embargo, si estas cookies se utilizan tambi\u00e9n para finalidades no exentas (por ejemplo, para fines publicitarios comportamentales), quedar\u00e1n sujetas a dichas obligaciones.<\/em><\/p><ul><li><strong><u>Cookies de preferencias o personalizaci\u00f3n<\/u><\/strong>: son aquellas que permiten recordar la informaci\u00f3n para que el usuario acceda al servicio con determinadas caracter\u00edsticas que pueden diferenciar su experiencia de la de otros usuarios, como, por ejemplo, el idioma, el n\u00famero de resultados a mostrar cuando el usuario realiza una b\u00fasqueda, el aspecto o contenido del servicio en funci\u00f3n del tipo de navegador a trav\u00e9s del cual el usuario accede al servicio o de la regi\u00f3n desde la que accede al servicio, etc.<\/li><\/ul><p><em>*Si es el propio usuario quien elige esas caracter\u00edsticas (por ejemplo, si selecciona el idioma de un sitio web clicando en el icono de la bandera del pa\u00eds correspondiente), las cookies estar\u00e1n exceptuadas de las obligaciones del art\u00edculo 22.2 de la LSSI por considerarse un servicio expresamente solicitado por el usuario, y ello siempre y cuando las cookies obedezcan exclusivamente a la finalidad seleccionada.<\/em><\/p><ul><li><strong><u>Cookies de an\u00e1lisis o medici\u00f3n<\/u><\/strong>: son aquellas que permiten al responsable de las mismas el seguimiento y an\u00e1lisis del comportamiento de los usuarios de los sitios web a los que est\u00e1n vinculadas, incluida la cuantificaci\u00f3n de los impactos de los anuncios. La informaci\u00f3n recogida mediante este tipo de cookies se utiliza en la medici\u00f3n de la actividad de los sitios web, aplicaci\u00f3n o plataforma, con el fin de introducir mejoras en funci\u00f3n del an\u00e1lisis de los datos de uso que hacen los usuarios del servicio.<\/li><\/ul><p><em>*Este tipo de cookies, a pesar de que no est\u00e9n exentas del deber de obtener un consentimiento informado para su uso, el GT29 manifest\u00f3 que es poco probable que representen un riesgo para la privacidad de los usuarios siempre que se trata de primera parte, que traten datos agregados con una finalidad estrictamente estad\u00edstica, que se facilite la informaci\u00f3n sobre sus usos y se incluya la posibilidad de que los usuarios manifiesten su negativa sobre su utilizaci\u00f3n.<\/em><\/p><ul><li><strong><u>Cookie de publicidad comportamental<\/u><\/strong>: son aquellas que almacenan informaci\u00f3n del comportamiento de los usuarios obtenida a trav\u00e9s de la observaci\u00f3n continuada de sus h\u00e1bitos de navegaci\u00f3n, lo que permite desarrollar un perfil espec\u00edfico para mostrar publicidad de funci\u00f3n del mismo.<\/li><li><u>Las cookies que utilizamos en LA WEB DE LA CASA MUSEO VALLE-INCL\u00c1N<\/u><\/li><\/ul><p>En la tabla que aparece a continuaci\u00f3n se incluyen los detalles, finalidad, el tipo y las clases de cookies que hemos implementado en nuestra plataforma. Para su comprensi\u00f3n, detallamos a continuaci\u00f3n los tipos de cookies que pueden ser utilizadas si el usuario nos da su consentimiento:<\/p><div style=\"overflow-x: auto;\"><table width=\"0\"><tbody><tr><td width=\"124\"><strong>Nombre\u00a0<\/strong><\/td><td width=\"115\"><strong>Dominio\u00a0<\/strong><\/td><td width=\"179\"><strong>Objetivo\/Finalidad\u00a0<\/strong><\/td><td width=\"65\"><strong>Duraci\u00f3n\u00a0<\/strong><\/td><td width=\"233\"><strong>Tipo (propias\/terceros)\u00a0<\/strong><\/td><\/tr><tr><td width=\"124\">\u00a0Google Analytics<\/td><td width=\"115\">\u00a0analytics.google.com<\/td><td width=\"179\">\u00a0Anal\u00edtica<\/td><td width=\"65\">\u00a030 d\u00edas<\/td><td width=\"233\">\u00a0Terceros<\/td><\/tr><tr><td width=\"124\">_ga_RYD9S3ZR4D<\/td><td width=\"115\">.vilanova.travel<\/td><td width=\"179\">Anal\u00edtica<\/td><td width=\"65\">1 a\u00f1o<\/td><td width=\"233\">Terceros<\/td><\/tr><tr><td width=\"124\">_ga_Q9S3ZPGQER<\/td><td width=\"115\">.vilanova.travel<\/td><td width=\"179\">Anal\u00edtica<\/td><td width=\"65\">1 a\u00f1o<\/td><td width=\"233\">Terceros<\/td><\/tr><tr><td width=\"124\">_ga_DGFDNZZP4G<\/td><td width=\"115\">.vilanova.travel<\/td><td width=\"179\">Anal\u00edtica<\/td><td width=\"65\">1 a\u00f1o<\/td><td width=\"233\">Terceros<\/td><\/tr><tr><td width=\"124\">_ga<\/td><td width=\"115\">.vilanova.travel<\/td><td width=\"179\">Anal\u00edtica<\/td><td width=\"65\">1 a\u00f1o<\/td><td width=\"233\">Terceros<\/td><\/tr><tr><td width=\"124\">PHPSESSID<\/td><td width=\"115\">.vilanova.travel<\/td><td width=\"179\">Funcional<\/td><td width=\"65\">Sesi\u00f3n<\/td><td width=\"233\">Terceros<\/td><\/tr><tr><td width=\"124\">wordpress_test_cookie<\/td><td width=\"115\">.vilanova.travel<\/td><td width=\"179\">Funcional<\/td><td width=\"65\">Sesi\u00f3n<\/td><td width=\"233\">Terceros<\/td><\/tr><tr><td width=\"124\">pll_language<\/td><td width=\"115\">.vilanova.travel<\/td><td width=\"179\">Funcional<\/td><td width=\"65\">1 a\u00f1o<\/td><td width=\"233\">Terceros<\/td><\/tr><tr><td width=\"124\">cmplz_banner-status<\/td><td width=\"115\">.vilanova.travel<\/td><td width=\"179\">Funcional<\/td><td width=\"65\">1 a\u00f1o<\/td><td width=\"233\">Terceros<\/td><\/tr><tr><td width=\"124\">cmplz_consented_services<\/td><td width=\"115\">.vilanova.travel<\/td><td width=\"179\">Funcional<\/td><td width=\"65\">1 a\u00f1o<\/td><td width=\"233\">Terceros<\/td><\/tr><tr><td width=\"124\">cmplz_functional<\/td><td width=\"115\">.vilanova.travel<\/td><td width=\"179\">Funcional<\/td><td width=\"65\">1 a\u00f1o<\/td><td width=\"233\">Terceros<\/td><\/tr><tr><td width=\"124\">cmplz_marketing<\/td><td width=\"115\">.vilanova.travel<\/td><td width=\"179\">Funcional<\/td><td width=\"65\">1 a\u00f1o<\/td><td width=\"233\">Terceros<\/td><\/tr><tr><td width=\"124\">cmplz_policy_id<\/td><td width=\"115\">.vilanova.travel<\/td><td width=\"179\">Funcional<\/td><td width=\"65\">1 a\u00f1o<\/td><td width=\"233\">Terceros<\/td><\/tr><tr><td width=\"124\">cmplz_preferences<\/td><td width=\"115\">.vilanova.travel<\/td><td width=\"179\">Funcional<\/td><td width=\"65\">1 a\u00f1o<\/td><td width=\"233\">Terceros<\/td><\/tr><tr><td width=\"124\">cmplz_statistics<\/td><td width=\"115\">.vilanova.travel<\/td><td width=\"179\">Funcional<\/td><td width=\"65\">1 a\u00f1o<\/td><td width=\"233\">Terceros<\/td><\/tr><\/tbody><\/table><\/div><p><strong>3. \u00bfC\u00f3mo desinstalar las cookies?\u00a0<\/strong><\/p><p>Si un usuario desea desinstalar las cookies utilizadas en https:\/\/vilanova.travel\/casamuseovalleinclan<strong>\u00a0<\/strong>de su navegador, a continuaci\u00f3n, le dejamos las instrucciones para distintos navegadores:<\/p><ul><li>Para m\u00e1s informaci\u00f3n sobre Internet Explorer pulse\u202f<a href=\"http:\/\/windows.microsoft.com\/es-xl\/internet-explorer\/delete-manage-cookies#ie=%22ie-10%22\"><strong>aqu\u00ed<\/strong><\/a>.<\/li><\/ul><ul><li>Para m\u00e1s informaci\u00f3n sobre Microsoft Edge pulse\u202f<a href=\"https:\/\/privacy.microsoft.com\/es-es\/windows-10-microsoft-edge-and-privacy\"><strong>aqu\u00ed<\/strong><\/a>.<\/li><\/ul><ul><li>Para m\u00e1s informaci\u00f3n sobre Firefox pulse\u202f<a href=\"http:\/\/support.mozilla.org\/es\/kb\/Borrar%20cookies\"><strong>aqu\u00ed<\/strong><\/a>.<\/li><\/ul><ul><li>Para m\u00e1s informaci\u00f3n sobre Chrome pulse\u202f<a href=\"http:\/\/support.google.com\/chrome\/answer\/95647?hl=%22es%22\"><strong>aqu\u00ed<\/strong><\/a>.<\/li><\/ul><ul><li>Para m\u00e1s informaci\u00f3n sobre Safari pulse\u202f<a href=\"http:\/\/www.apple.com\/es\/privacy\/use-of-cookies\/\"><strong>aqu\u00ed<\/strong><\/a>.<\/li><\/ul><p><strong>4. MODIFICACIONES EN EL TEXTO LEGAL\u00a0<\/strong><\/p><p>LA WEB DE LA CASA MUSEO VALLE-INCL\u00c1N podr\u00e1 modificar este texto legal de acuerdo con la legislaci\u00f3n aplicable en cada momento. En todo caso, cualquier modificaci\u00f3n considerable que afecte al uso de la p\u00e1gina web del Aviso legal, la Pol\u00edtica de Privacidad y Cookies, le ser\u00e1 debidamente notificada al usuario para que, quede informado de los cambios realizados en el tratamiento de sus datos personales y, en caso de que la normativa aplicable as\u00ed lo exija, el usuario pueda otorgar su consentimiento.<\/p><p><strong>5. NORMATIVA Y JURISDICCI\u00d3N\u00a0<\/strong><\/p><p>Nuestros textos legales se rigen por la ley espa\u00f1ola. Estos textos permanecer\u00e1n accesibles para los usuarios en todo momento desde nuestra p\u00e1gina web.<\/p><p>Si las partes no acordasen someterse a mediaci\u00f3n o arbitraje previamente, en el presente aviso legal se establece el acuerdo de someterse a los Juzgados y Tribunales de Vilagarc\u00eda de Arousa renunciando expresamente a cualquier otra jurisdicci\u00f3n.<\/p><p><em>\u00daltima modificaci\u00f3n: 11 de enero de 2023.<\/em><\/p>\t\t\t\t\t\t\t\t<\/div>\n\t\t\t\t<\/div>\n\t\t\t\t<\/div>\n\t\t\t\t<\/div>\n\t\t","protected":false},"excerpt":{"rendered":"<p>Pol\u00edtica de cookies 1. Informaci\u00f3n b\u00e1sica sobre las cookies\u00a0 Lo que el usuario debe saber sobre las Cookies Las cookies (galletas) son peque\u00f1os archivos que guardan informaci\u00f3n en los dispositivos de los Usuarios que usan nuestra Web. Las cookies se asocian con el navegador de un ordenador o dispositivo determinado. Gracias a ellas, resulta posible&hellip;&nbsp;<a href=\"https:\/\/vilanova.travel\/casamuseovalleinclan\/politica-de-cookies\/\" rel=\"bookmark\">Leer m\u00e1s &raquo;<span class=\"screen-reader-text\">Pol\u00edtica de cookies<\/span><\/a><\/p>\n","protected":false},"author":1,"featured_media":0,"parent":0,"menu_order":0,"comment_status":"closed","ping_status":"closed","template":"elementor_header_footer","meta":{"inline_featured_image":false,"neve_meta_sidebar":"","neve_meta_container":"","neve_meta_enable_content_width":"","neve_meta_content_width":0,"neve_meta_title_alignment":"","neve_meta_author_avatar":"","neve_post_elements_order":"","neve_meta_disable_header":"","neve_meta_disable_footer":"","neve_meta_disable_title":"","footnotes":""},"class_list":["post-961","page","type-page","status-publish","hentry"],"_links":{"self":[{"href":"https:\/\/vilanova.travel\/casamuseovalleinclan\/wp-json\/wp\/v2\/pages\/961","targetHints":{"allow":["GET"]}}],"collection":[{"href":"https:\/\/vilanova.travel\/casamuseovalleinclan\/wp-json\/wp\/v2\/pages"}],"about":[{"href":"https:\/\/vilanova.travel\/casamuseovalleinclan\/wp-json\/wp\/v2\/types\/page"}],"author":[{"embeddable":true,"href":"https:\/\/vilanova.travel\/casamuseovalleinclan\/wp-json\/wp\/v2\/users\/1"}],"replies":[{"embeddable":true,"href":"https:\/\/vilanova.travel\/casamuseovalleinclan\/wp-json\/wp\/v2\/comments?post=961"}],"version-history":[{"count":19,"href":"https:\/\/vilanova.travel\/casamuseovalleinclan\/wp-json\/wp\/v2\/pages\/961\/revisions"}],"predecessor-version":[{"id":1772,"href":"https:\/\/vilanova.travel\/casamuseovalleinclan\/wp-json\/wp\/v2\/pages\/961\/revisions\/1772"}],"wp:attachment":[{"href":"https:\/\/vilanova.travel\/casamuseovalleinclan\/wp-json\/wp\/v2\/media?parent=961"}],"curies":[{"name":"wp","href":"https:\/\/api.w.org\/{rel}","templated":true}]}}