{"id":68,"date":"2024-09-03T15:37:56","date_gmt":"2024-09-03T13:37:56","guid":{"rendered":"https:\/\/vilanova.travel\/casamuseovalleinclan\/?page_id=68"},"modified":"2024-11-04T10:20:18","modified_gmt":"2024-11-04T08:20:18","slug":"la-casa","status":"publish","type":"page","link":"https:\/\/vilanova.travel\/casamuseovalleinclan\/la-casa\/","title":{"rendered":"La casa"},"content":{"rendered":"\t\t<div data-elementor-type=\"wp-page\" data-elementor-id=\"68\" class=\"elementor elementor-68\">\n\t\t\t\t<div class=\"elementor-element elementor-element-3fd0be0 e-con-full e-flex e-con e-parent\" data-id=\"3fd0be0\" data-element_type=\"container\" data-e-type=\"container\">\n\t\t\t\t<div class=\"elementor-element elementor-element-b37b0fd elementor-widget elementor-widget-image\" data-id=\"b37b0fd\" data-element_type=\"widget\" data-e-type=\"widget\" data-widget_type=\"image.default\">\n\t\t\t\t<div class=\"elementor-widget-container\">\n\t\t\t\t\t\t\t\t\t\t\t\t\t\t\t<img fetchpriority=\"high\" decoding=\"async\" width=\"1728\" height=\"300\" src=\"https:\/\/vilanova.travel\/casamuseovalleinclan\/wp-content\/uploads\/2024\/09\/Cabecera-la-casa.jpg\" class=\"attachment-full size-full wp-image-462\" alt=\"La Casa\" srcset=\"https:\/\/vilanova.travel\/casamuseovalleinclan\/wp-content\/uploads\/2024\/09\/Cabecera-la-casa.jpg 1728w, https:\/\/vilanova.travel\/casamuseovalleinclan\/wp-content\/uploads\/2024\/09\/Cabecera-la-casa-300x52.jpg 300w, https:\/\/vilanova.travel\/casamuseovalleinclan\/wp-content\/uploads\/2024\/09\/Cabecera-la-casa-1024x178.jpg 1024w, https:\/\/vilanova.travel\/casamuseovalleinclan\/wp-content\/uploads\/2024\/09\/Cabecera-la-casa-768x133.jpg 768w, https:\/\/vilanova.travel\/casamuseovalleinclan\/wp-content\/uploads\/2024\/09\/Cabecera-la-casa-1536x267.jpg 1536w\" sizes=\"(max-width: 1728px) 100vw, 1728px\" \/>\t\t\t\t\t\t\t\t\t\t\t\t\t\t\t<\/div>\n\t\t\t\t<\/div>\n\t\t\t\t<\/div>\n\t\t<div class=\"elementor-element elementor-element-8c75d98 e-con-full e-flex e-con e-parent\" data-id=\"8c75d98\" data-element_type=\"container\" data-e-type=\"container\">\n\t\t\t\t<div class=\"elementor-element elementor-element-dda706a elementor-widget elementor-widget-heading\" data-id=\"dda706a\" data-element_type=\"widget\" data-e-type=\"widget\" data-widget_type=\"heading.default\">\n\t\t\t\t<div class=\"elementor-widget-container\">\n\t\t\t\t\t<h1 class=\"elementor-heading-title elementor-size-default\">La casa<\/h1>\t\t\t\t<\/div>\n\t\t\t\t<\/div>\n\t\t\t\t<div class=\"elementor-element elementor-element-aaf9eb1 elementor-widget elementor-widget-heading\" data-id=\"aaf9eb1\" data-element_type=\"widget\" data-e-type=\"widget\" data-widget_type=\"heading.default\">\n\t\t\t\t<div class=\"elementor-widget-container\">\n\t\t\t\t\t<h2 class=\"elementor-heading-title elementor-size-default\">Localizada en el casco hist\u00f3rico de Vilanova, en la confluencia de las calles Luces de Bohemia y Priorato, encontrar\u00e1s la imponente Casa do Cuadrante. <\/h2>\t\t\t\t<\/div>\n\t\t\t\t<\/div>\n\t\t\t\t<div class=\"elementor-element elementor-element-876aaa2 elementor-widget elementor-widget-text-editor\" data-id=\"876aaa2\" data-element_type=\"widget\" data-e-type=\"widget\" data-widget_type=\"text-editor.default\">\n\t\t\t\t<div class=\"elementor-widget-container\">\n\t\t\t\t\t\t\t\t\t<p><strong>Esta residencia solariega data del siglo XVI, aunque sufri\u00f3 varias reformas<\/strong>. Una de las \u00faltimas se realiz\u00f3 a mediados del siglo XIX <strong>reconvirti\u00e9ndose en un edificio de estilo <em>pacego<\/em> o tradicional \u201ccasa grande urbana\u201d<\/strong> de familia de clase alta. A pesar de que la Casa del Cuadrante es el producto de la anexi\u00f3n de elementos que se fueron a\u00f1adiendo a lo largo de muchos a\u00f1os, toda ella responde a una tipolog\u00eda propia de la zona en la que est\u00e1 integrada.<\/p>\t\t\t\t\t\t\t\t<\/div>\n\t\t\t\t<\/div>\n\t\t\t\t<\/div>\n\t\t<div class=\"elementor-element elementor-element-1cf1670 e-con-full e-flex e-con e-parent\" data-id=\"1cf1670\" data-element_type=\"container\" data-e-type=\"container\">\n\t\t\t\t<div class=\"elementor-element elementor-element-dacd549 elementor-widget elementor-widget-image\" data-id=\"dacd549\" data-element_type=\"widget\" data-e-type=\"widget\" data-widget_type=\"image.default\">\n\t\t\t\t<div class=\"elementor-widget-container\">\n\t\t\t\t\t\t\t\t\t\t\t\t\t\t\t<img decoding=\"async\" width=\"2000\" height=\"611\" src=\"https:\/\/vilanova.travel\/casamuseovalleinclan\/wp-content\/uploads\/2024\/09\/la-casa-min.jpeg\" class=\"attachment-full size-full wp-image-467\" alt=\"la casa\" srcset=\"https:\/\/vilanova.travel\/casamuseovalleinclan\/wp-content\/uploads\/2024\/09\/la-casa-min.jpeg 2000w, https:\/\/vilanova.travel\/casamuseovalleinclan\/wp-content\/uploads\/2024\/09\/la-casa-min-300x92.jpeg 300w, https:\/\/vilanova.travel\/casamuseovalleinclan\/wp-content\/uploads\/2024\/09\/la-casa-min-1024x313.jpeg 1024w, https:\/\/vilanova.travel\/casamuseovalleinclan\/wp-content\/uploads\/2024\/09\/la-casa-min-768x235.jpeg 768w, https:\/\/vilanova.travel\/casamuseovalleinclan\/wp-content\/uploads\/2024\/09\/la-casa-min-1536x469.jpeg 1536w\" sizes=\"(max-width: 2000px) 100vw, 2000px\" \/>\t\t\t\t\t\t\t\t\t\t\t\t\t\t\t<\/div>\n\t\t\t\t<\/div>\n\t\t\t\t<\/div>\n\t\t<div class=\"elementor-element elementor-element-e69246c e-con-full e-flex e-con e-parent\" data-id=\"e69246c\" data-element_type=\"container\" data-e-type=\"container\">\n\t\t\t\t<div class=\"elementor-element elementor-element-abf1e72 elementor-widget elementor-widget-heading\" data-id=\"abf1e72\" data-element_type=\"widget\" data-e-type=\"widget\" data-widget_type=\"heading.default\">\n\t\t\t\t<div class=\"elementor-widget-container\">\n\t\t\t\t\t<h4 class=\"elementor-heading-title elementor-size-default\">La Casa del Cuadrante<\/h4>\t\t\t\t<\/div>\n\t\t\t\t<\/div>\n\t\t\t\t<div class=\"elementor-element elementor-element-3013028 elementor-widget elementor-widget-text-editor\" data-id=\"3013028\" data-element_type=\"widget\" data-e-type=\"widget\" data-widget_type=\"text-editor.default\">\n\t\t\t\t<div class=\"elementor-widget-container\">\n\t\t\t\t\t\t\t\t\t<p>En origen,<strong> pertenec\u00eda al Priorato Benedictino de Vilanova de Arousa<\/strong> y, desgajados estos bienes, <strong>fue adquirida por Francisco de la Pe\u00f1a Cardecid y Josefa Montenegro y Saco Bola\u00f1o, abuelos maternos del escritor<\/strong>. Cuando la familia Valle Pe\u00f1a dej\u00f3 de residir en el pueblo, <strong>el escritor se alojaba en el Cuadrante cuando regresaba a Vilanova de Arousa<\/strong>. Por aquel entonces, all\u00ed viv\u00edan unos primos, que le ten\u00edan reservada una habitaci\u00f3n.<\/p><p>El inmueble estuvo habitado hasta los a\u00f1os 90\u2019s, cuando <strong>qued\u00f3 pr\u00e1cticamente abandonada<\/strong>. En 1994,<strong> el edificio sufri\u00f3 un terrible incendio<\/strong>, perdi\u00e9ndose casi todo lo que hab\u00eda en su interior. Al a\u00f1o siguiente, el <strong>Ayuntamiento de Vilanova de Arousa<\/strong>, en su af\u00e1n por mantener viva su memoria, <strong>adquiri\u00f3 el inmueble para rehabilitarlo<\/strong> y convertirlo en la Casa-Museo Valle-Incl\u00e1n.<\/p>\t\t\t\t\t\t\t\t<\/div>\n\t\t\t\t<\/div>\n\t\t\t\t<div class=\"elementor-element elementor-element-f626c12 elementor-widget elementor-widget-heading\" data-id=\"f626c12\" data-element_type=\"widget\" data-e-type=\"widget\" data-widget_type=\"heading.default\">\n\t\t\t\t<div class=\"elementor-widget-container\">\n\t\t\t\t\t<h4 class=\"elementor-heading-title elementor-size-default\">Declaraci\u00f3n de Monumento Hist\u00f3rico Nacional<\/h4>\t\t\t\t<\/div>\n\t\t\t\t<\/div>\n\t\t\t\t<div class=\"elementor-element elementor-element-ed50341 elementor-widget elementor-widget-text-editor\" data-id=\"ed50341\" data-element_type=\"widget\" data-e-type=\"widget\" data-widget_type=\"text-editor.default\">\n\t\t\t\t<div class=\"elementor-widget-container\">\n\t\t\t\t\t\t\t\t\t<p>La Casa del Cuadrante <strong>fue declarada monumento hist\u00f3rico nacional en 1976<\/strong> por el decreto 249\/1976 de 9 de enero. En el documento se declara que <strong>fue en ella donde naci\u00f3 el 28 de octubre de 1866, don Ram\u00f3n Jos\u00e9 Sim\u00f3n del Valle Pe\u00f1a<\/strong>, conocido posteriormente como Ram\u00f3n Mar\u00eda del Valle-Incl\u00e1n.<\/p><p>Jos\u00e9 Caama\u00f1o Bournacell, en <em>Por las rutas tur\u00edsticas de Valle-Incl\u00e1n. Gu\u00eda para conocer y caminar (Madrid, 1971)<\/em>, indica que Valle-Incl\u00e1n \u201c<strong>naci\u00f3 en la alcoba principal en la Casa denominada del Cuadrante<\/strong>, en la calle Priorato en la que, a los pocos d\u00edas, fue llevado en brazos de su madre, Do\u00f1a Dolores Pe\u00f1a y Saco Bola\u00f1o a la del \u201cCantillo\u201d, en la Plaza de San Mauro\u201d. La importancia de esta vivienda tambi\u00e9n <strong>se hace patente en la obra del escritor<\/strong>, formando parte de la configuraci\u00f3n de la est\u00e9tica valleinclaniana.<\/p>\t\t\t\t\t\t\t\t<\/div>\n\t\t\t\t<\/div>\n\t\t\t\t<\/div>\n\t\t\t\t<\/div>\n\t\t","protected":false},"excerpt":{"rendered":"<p>La casa Localizada en el casco hist\u00f3rico de Vilanova, en la confluencia de las calles Luces de Bohemia y Priorato, encontrar\u00e1s la imponente Casa do Cuadrante. Esta residencia solariega data del siglo XVI, aunque sufri\u00f3 varias reformas. Una de las \u00faltimas se realiz\u00f3 a mediados del siglo XIX reconvirti\u00e9ndose en un edificio de estilo pacego&hellip;&nbsp;<a href=\"https:\/\/vilanova.travel\/casamuseovalleinclan\/la-casa\/\" rel=\"bookmark\">Leer m\u00e1s &raquo;<span class=\"screen-reader-text\">La casa<\/span><\/a><\/p>\n","protected":false},"author":1,"featured_media":0,"parent":0,"menu_order":0,"comment_status":"closed","ping_status":"closed","template":"elementor_header_footer","meta":{"inline_featured_image":false,"neve_meta_sidebar":"","neve_meta_container":"","neve_meta_enable_content_width":"","neve_meta_content_width":0,"neve_meta_title_alignment":"","neve_meta_author_avatar":"","neve_post_elements_order":"","neve_meta_disable_header":"","neve_meta_disable_footer":"","neve_meta_disable_title":"","footnotes":""},"class_list":["post-68","page","type-page","status-publish","hentry"],"_links":{"self":[{"href":"https:\/\/vilanova.travel\/casamuseovalleinclan\/wp-json\/wp\/v2\/pages\/68","targetHints":{"allow":["GET"]}}],"collection":[{"href":"https:\/\/vilanova.travel\/casamuseovalleinclan\/wp-json\/wp\/v2\/pages"}],"about":[{"href":"https:\/\/vilanova.travel\/casamuseovalleinclan\/wp-json\/wp\/v2\/types\/page"}],"author":[{"embeddable":true,"href":"https:\/\/vilanova.travel\/casamuseovalleinclan\/wp-json\/wp\/v2\/users\/1"}],"replies":[{"embeddable":true,"href":"https:\/\/vilanova.travel\/casamuseovalleinclan\/wp-json\/wp\/v2\/comments?post=68"}],"version-history":[{"count":37,"href":"https:\/\/vilanova.travel\/casamuseovalleinclan\/wp-json\/wp\/v2\/pages\/68\/revisions"}],"predecessor-version":[{"id":1143,"href":"https:\/\/vilanova.travel\/casamuseovalleinclan\/wp-json\/wp\/v2\/pages\/68\/revisions\/1143"}],"wp:attachment":[{"href":"https:\/\/vilanova.travel\/casamuseovalleinclan\/wp-json\/wp\/v2\/media?parent=68"}],"curies":[{"name":"wp","href":"https:\/\/api.w.org\/{rel}","templated":true}]}}