{"id":1510,"date":"2024-12-20T15:22:33","date_gmt":"2024-12-20T13:22:33","guid":{"rendered":"https:\/\/vilanova.travel\/casamuseovalleinclan\/?page_id=1510"},"modified":"2024-12-20T15:27:39","modified_gmt":"2024-12-20T13:27:39","slug":"the-house","status":"publish","type":"page","link":"https:\/\/vilanova.travel\/casamuseovalleinclan\/en\/the-house\/","title":{"rendered":"The house"},"content":{"rendered":"\t\t<div data-elementor-type=\"wp-page\" data-elementor-id=\"1510\" class=\"elementor elementor-1510\">\n\t\t\t\t<div class=\"elementor-element elementor-element-3fd0be0 e-con-full e-flex e-con e-parent\" data-id=\"3fd0be0\" data-element_type=\"container\" data-e-type=\"container\">\n\t\t\t\t<div class=\"elementor-element elementor-element-b37b0fd elementor-widget elementor-widget-image\" data-id=\"b37b0fd\" data-element_type=\"widget\" data-e-type=\"widget\" data-widget_type=\"image.default\">\n\t\t\t\t<div class=\"elementor-widget-container\">\n\t\t\t\t\t\t\t\t\t\t\t\t\t\t\t<img fetchpriority=\"high\" decoding=\"async\" width=\"1728\" height=\"300\" src=\"https:\/\/vilanova.travel\/casamuseovalleinclan\/wp-content\/uploads\/2024\/09\/Cabecera-la-casa.jpg\" class=\"attachment-full size-full wp-image-462\" alt=\"La Casa\" srcset=\"https:\/\/vilanova.travel\/casamuseovalleinclan\/wp-content\/uploads\/2024\/09\/Cabecera-la-casa.jpg 1728w, https:\/\/vilanova.travel\/casamuseovalleinclan\/wp-content\/uploads\/2024\/09\/Cabecera-la-casa-300x52.jpg 300w, https:\/\/vilanova.travel\/casamuseovalleinclan\/wp-content\/uploads\/2024\/09\/Cabecera-la-casa-1024x178.jpg 1024w, https:\/\/vilanova.travel\/casamuseovalleinclan\/wp-content\/uploads\/2024\/09\/Cabecera-la-casa-768x133.jpg 768w, https:\/\/vilanova.travel\/casamuseovalleinclan\/wp-content\/uploads\/2024\/09\/Cabecera-la-casa-1536x267.jpg 1536w\" sizes=\"(max-width: 1728px) 100vw, 1728px\" \/>\t\t\t\t\t\t\t\t\t\t\t\t\t\t\t<\/div>\n\t\t\t\t<\/div>\n\t\t\t\t<\/div>\n\t\t<div class=\"elementor-element elementor-element-8c75d98 e-con-full e-flex e-con e-parent\" data-id=\"8c75d98\" data-element_type=\"container\" data-e-type=\"container\">\n\t\t\t\t<div class=\"elementor-element elementor-element-dda706a elementor-widget elementor-widget-heading\" data-id=\"dda706a\" data-element_type=\"widget\" data-e-type=\"widget\" data-widget_type=\"heading.default\">\n\t\t\t\t<div class=\"elementor-widget-container\">\n\t\t\t\t\t<h1 class=\"elementor-heading-title elementor-size-default\">The house<\/h1>\t\t\t\t<\/div>\n\t\t\t\t<\/div>\n\t\t\t\t<div class=\"elementor-element elementor-element-aaf9eb1 elementor-widget elementor-widget-heading\" data-id=\"aaf9eb1\" data-element_type=\"widget\" data-e-type=\"widget\" data-widget_type=\"heading.default\">\n\t\t\t\t<div class=\"elementor-widget-container\">\n\t\t\t\t\t<h2 class=\"elementor-heading-title elementor-size-default\">In the historic centre of Vilanova, where Luces de Bohemia and Priorat streets cross, you will find the imposing Casa do Cuadrante<\/h2>\t\t\t\t<\/div>\n\t\t\t\t<\/div>\n\t\t\t\t<div class=\"elementor-element elementor-element-876aaa2 elementor-widget elementor-widget-text-editor\" data-id=\"876aaa2\" data-element_type=\"widget\" data-e-type=\"widget\" data-widget_type=\"text-editor.default\">\n\t\t\t\t<div class=\"elementor-widget-container\">\n\t\t\t\t\t\t\t\t\t<p>This <strong>ancestral residence dates from the 16<sup>th<\/sup> century<\/strong>, although it has undergone <strong>several renovations<\/strong>. One of the last was carried out in the mid-19<sup>th<\/sup> century, converting it into a <em>pazo<\/em>-style building or traditional \u00abtown mansion\u00bb for an upper-class family. Although the Casa do Cuadrante is the product of the annexation of elements that were added over many years, it all corresponds to a typology that is specific to the area of which it forms part.<\/p>\t\t\t\t\t\t\t\t<\/div>\n\t\t\t\t<\/div>\n\t\t\t\t<\/div>\n\t\t<div class=\"elementor-element elementor-element-1cf1670 e-con-full e-flex e-con e-parent\" data-id=\"1cf1670\" data-element_type=\"container\" data-e-type=\"container\">\n\t\t\t\t<div class=\"elementor-element elementor-element-dacd549 elementor-widget elementor-widget-image\" data-id=\"dacd549\" data-element_type=\"widget\" data-e-type=\"widget\" data-widget_type=\"image.default\">\n\t\t\t\t<div class=\"elementor-widget-container\">\n\t\t\t\t\t\t\t\t\t\t\t\t\t\t\t<img decoding=\"async\" width=\"2000\" height=\"611\" src=\"https:\/\/vilanova.travel\/casamuseovalleinclan\/wp-content\/uploads\/2024\/09\/la-casa-min.jpeg\" class=\"attachment-full size-full wp-image-467\" alt=\"la casa\" srcset=\"https:\/\/vilanova.travel\/casamuseovalleinclan\/wp-content\/uploads\/2024\/09\/la-casa-min.jpeg 2000w, https:\/\/vilanova.travel\/casamuseovalleinclan\/wp-content\/uploads\/2024\/09\/la-casa-min-300x92.jpeg 300w, https:\/\/vilanova.travel\/casamuseovalleinclan\/wp-content\/uploads\/2024\/09\/la-casa-min-1024x313.jpeg 1024w, https:\/\/vilanova.travel\/casamuseovalleinclan\/wp-content\/uploads\/2024\/09\/la-casa-min-768x235.jpeg 768w, https:\/\/vilanova.travel\/casamuseovalleinclan\/wp-content\/uploads\/2024\/09\/la-casa-min-1536x469.jpeg 1536w\" sizes=\"(max-width: 2000px) 100vw, 2000px\" \/>\t\t\t\t\t\t\t\t\t\t\t\t\t\t\t<\/div>\n\t\t\t\t<\/div>\n\t\t\t\t<\/div>\n\t\t<div class=\"elementor-element elementor-element-e69246c e-con-full e-flex e-con e-parent\" data-id=\"e69246c\" data-element_type=\"container\" data-e-type=\"container\">\n\t\t\t\t<div class=\"elementor-element elementor-element-abf1e72 elementor-widget elementor-widget-heading\" data-id=\"abf1e72\" data-element_type=\"widget\" data-e-type=\"widget\" data-widget_type=\"heading.default\">\n\t\t\t\t<div class=\"elementor-widget-container\">\n\t\t\t\t\t<h4 class=\"elementor-heading-title elementor-size-default\">The Casa do Cuadrante <\/h4>\t\t\t\t<\/div>\n\t\t\t\t<\/div>\n\t\t\t\t<div class=\"elementor-element elementor-element-3013028 elementor-widget elementor-widget-text-editor\" data-id=\"3013028\" data-element_type=\"widget\" data-e-type=\"widget\" data-widget_type=\"text-editor.default\">\n\t\t\t\t<div class=\"elementor-widget-container\">\n\t\t\t\t\t\t\t\t\t<p>It originally belonged to the Benedictine Priory of Vilanova de Arousa and, after its properties were divided up, it was acquired by Francisco de la Pe\u00f1a Cardecid and Josefa Montenegro y Saco Bola\u00f1o, the writer&#8217;s maternal grandparents. When the Valle Pe\u00f1a family no longer lived in the town, the writer stayed in the Cuadrante whenever he returned to Vilanova de Arousa. At that time, some cousins lived there, and they kept a room for him.<\/p><p>The property <strong>was inhabited until the 1990s<\/strong>, when it was practically abandoned. In <strong>1994<\/strong>, the building was damaged by a <strong>terrible fire<\/strong>, with almost everything inside being lost. The following year, <strong>Vilanova de Arousa Town Council<\/strong>, due to its interest in keeping its memory alive, <strong>acquired the property to rehabilitate it and turn it into the Valle-Incl\u00e1n House-Museum<\/strong>.<\/p>\t\t\t\t\t\t\t\t<\/div>\n\t\t\t\t<\/div>\n\t\t\t\t<div class=\"elementor-element elementor-element-f626c12 elementor-widget elementor-widget-heading\" data-id=\"f626c12\" data-element_type=\"widget\" data-e-type=\"widget\" data-widget_type=\"heading.default\">\n\t\t\t\t<div class=\"elementor-widget-container\">\n\t\t\t\t\t<h4 class=\"elementor-heading-title elementor-size-default\">Declaration of National Historic Monument<\/h4>\t\t\t\t<\/div>\n\t\t\t\t<\/div>\n\t\t\t\t<div class=\"elementor-element elementor-element-ed50341 elementor-widget elementor-widget-text-editor\" data-id=\"ed50341\" data-element_type=\"widget\" data-e-type=\"widget\" data-widget_type=\"text-editor.default\">\n\t\t\t\t<div class=\"elementor-widget-container\">\n\t\t\t\t\t\t\t\t\t<p>The <strong>Casa do Cuadrante<\/strong> was <strong>declared a national historic site in 1976<\/strong> by Decree 249\/1976 of January 9. The document states that it was there that Don Ram\u00f3n Jos\u00e9 Sim\u00f3n del Valle Pe\u00f1a, later known as Ram\u00f3n Mar\u00eda del Valle-Incl\u00e1n, was born on October 28, 1866.<\/p><p>Jos\u00e9 Caama\u00f1o Bournacell, in <em>Por las rutas tur\u00edsticas de Valle-Incl\u00e1n. <\/em><em>Gu\u00eda para conocer y caminar (Madrid, 1971),<\/em> indicates that Valle-Incl\u00e1n \u00abwas born in the main bedroom in the so-called Casa del Cuadrante, on Priorato Street where, a few days later, he was taken in the arms of his mother, Do\u00f1a Dolores Pe\u00f1a y Saco Bola\u00f1o to the \u00abCantillo\u00bb house, in the Plaza de San Mauro.\u00bb The house\u2019s importance is also evident in the writer&#8217;s work, forming part of the configuration of Valle-Incl\u00e1n aesthetics.<\/p>\t\t\t\t\t\t\t\t<\/div>\n\t\t\t\t<\/div>\n\t\t\t\t<\/div>\n\t\t\t\t<\/div>\n\t\t","protected":false},"excerpt":{"rendered":"<p>The house In the historic centre of Vilanova, where Luces de Bohemia and Priorat streets cross, you will find the imposing Casa do Cuadrante This ancestral residence dates from the 16th century, although it has undergone several renovations. One of the last was carried out in the mid-19th century, converting it into a pazo-style building&hellip;&nbsp;<a href=\"https:\/\/vilanova.travel\/casamuseovalleinclan\/en\/the-house\/\" rel=\"bookmark\">Leer m\u00e1s &raquo;<span class=\"screen-reader-text\">The house<\/span><\/a><\/p>\n","protected":false},"author":1,"featured_media":0,"parent":0,"menu_order":0,"comment_status":"closed","ping_status":"closed","template":"elementor_header_footer","meta":{"inline_featured_image":false,"neve_meta_sidebar":"","neve_meta_container":"","neve_meta_enable_content_width":"","neve_meta_content_width":0,"neve_meta_title_alignment":"","neve_meta_author_avatar":"","neve_post_elements_order":"","neve_meta_disable_header":"","neve_meta_disable_footer":"","neve_meta_disable_title":"","footnotes":""},"class_list":["post-1510","page","type-page","status-publish","hentry"],"_links":{"self":[{"href":"https:\/\/vilanova.travel\/casamuseovalleinclan\/wp-json\/wp\/v2\/pages\/1510","targetHints":{"allow":["GET"]}}],"collection":[{"href":"https:\/\/vilanova.travel\/casamuseovalleinclan\/wp-json\/wp\/v2\/pages"}],"about":[{"href":"https:\/\/vilanova.travel\/casamuseovalleinclan\/wp-json\/wp\/v2\/types\/page"}],"author":[{"embeddable":true,"href":"https:\/\/vilanova.travel\/casamuseovalleinclan\/wp-json\/wp\/v2\/users\/1"}],"replies":[{"embeddable":true,"href":"https:\/\/vilanova.travel\/casamuseovalleinclan\/wp-json\/wp\/v2\/comments?post=1510"}],"version-history":[{"count":4,"href":"https:\/\/vilanova.travel\/casamuseovalleinclan\/wp-json\/wp\/v2\/pages\/1510\/revisions"}],"predecessor-version":[{"id":1515,"href":"https:\/\/vilanova.travel\/casamuseovalleinclan\/wp-json\/wp\/v2\/pages\/1510\/revisions\/1515"}],"wp:attachment":[{"href":"https:\/\/vilanova.travel\/casamuseovalleinclan\/wp-json\/wp\/v2\/media?parent=1510"}],"curies":[{"name":"wp","href":"https:\/\/api.w.org\/{rel}","templated":true}]}}