{"id":1321,"date":"2024-11-14T16:19:06","date_gmt":"2024-11-14T14:19:06","guid":{"rendered":"https:\/\/vilanova.travel\/casamuseovalleinclan\/?page_id=1321"},"modified":"2026-03-04T20:35:02","modified_gmt":"2026-03-04T18:35:02","slug":"interior","status":"publish","type":"page","link":"https:\/\/vilanova.travel\/casamuseovalleinclan\/gl\/interior\/","title":{"rendered":"Interior"},"content":{"rendered":"\t\t<div data-elementor-type=\"wp-page\" data-elementor-id=\"1321\" class=\"elementor elementor-1321\">\n\t\t\t\t<div class=\"elementor-element elementor-element-dd5c91e e-con-full e-flex e-con e-parent\" data-id=\"dd5c91e\" data-element_type=\"container\" data-e-type=\"container\">\n\t\t\t\t<div class=\"elementor-element elementor-element-ac0228a elementor-widget elementor-widget-image\" data-id=\"ac0228a\" data-element_type=\"widget\" data-e-type=\"widget\" data-widget_type=\"image.default\">\n\t\t\t\t<div class=\"elementor-widget-container\">\n\t\t\t\t\t\t\t\t\t\t\t\t\t\t\t<img fetchpriority=\"high\" decoding=\"async\" width=\"1728\" height=\"300\" src=\"https:\/\/vilanova.travel\/casamuseovalleinclan\/wp-content\/uploads\/2024\/09\/Cabecera-planta-baja.jpg\" class=\"attachment-full size-full wp-image-528\" alt=\"Planta baja\" srcset=\"https:\/\/vilanova.travel\/casamuseovalleinclan\/wp-content\/uploads\/2024\/09\/Cabecera-planta-baja.jpg 1728w, https:\/\/vilanova.travel\/casamuseovalleinclan\/wp-content\/uploads\/2024\/09\/Cabecera-planta-baja-300x52.jpg 300w, https:\/\/vilanova.travel\/casamuseovalleinclan\/wp-content\/uploads\/2024\/09\/Cabecera-planta-baja-1024x178.jpg 1024w, https:\/\/vilanova.travel\/casamuseovalleinclan\/wp-content\/uploads\/2024\/09\/Cabecera-planta-baja-768x133.jpg 768w, https:\/\/vilanova.travel\/casamuseovalleinclan\/wp-content\/uploads\/2024\/09\/Cabecera-planta-baja-1536x267.jpg 1536w\" sizes=\"(max-width: 1728px) 100vw, 1728px\" \/>\t\t\t\t\t\t\t\t\t\t\t\t\t\t\t<\/div>\n\t\t\t\t<\/div>\n\t\t\t\t<\/div>\n\t\t<div class=\"elementor-element elementor-element-06f6f96 e-con-full e-flex e-con e-parent\" data-id=\"06f6f96\" data-element_type=\"container\" data-e-type=\"container\">\n\t\t\t\t<div class=\"elementor-element elementor-element-a0e58ff elementor-widget elementor-widget-heading\" data-id=\"a0e58ff\" data-element_type=\"widget\" data-e-type=\"widget\" data-widget_type=\"heading.default\">\n\t\t\t\t<div class=\"elementor-widget-container\">\n\t\t\t\t\t<h1 class=\"elementor-heading-title elementor-size-default\">Interior<\/h1>\t\t\t\t<\/div>\n\t\t\t\t<\/div>\n\t\t\t\t<div class=\"elementor-element elementor-element-57e1f58 elementor-widget elementor-widget-heading\" data-id=\"57e1f58\" data-element_type=\"widget\" data-e-type=\"widget\" data-widget_type=\"heading.default\">\n\t\t\t\t<div class=\"elementor-widget-container\">\n\t\t\t\t\t<h3 class=\"elementor-heading-title elementor-size-default\">Planta baixa<\/h3>\t\t\t\t<\/div>\n\t\t\t\t<\/div>\n\t\t\t\t<div class=\"elementor-element elementor-element-89b161c elementor-widget elementor-widget-text-editor\" data-id=\"89b161c\" data-element_type=\"widget\" data-e-type=\"widget\" data-widget_type=\"text-editor.default\">\n\t\t\t\t<div class=\"elementor-widget-container\">\n\t\t\t\t\t\t\t\t\t<p><em>\u201cGust\u00e1bame a acci\u00f3n; gust\u00e1banme as empresas arriscadas&#8230; Sendo un beb\u00e9, a\u00ednda en brazos da aia, encant\u00e1bame que me baixaran aos cortellos, a tocar a testa das vacas. A\u00ednda te\u00f1o viva a impresi\u00f3n que me produc\u00edan os seus ollos h\u00famidos, enormes. En canto fun un pouco maior apliqueime a realizar un feito que a min ent\u00f3n parec\u00edame \u00e9pico: pasar por debaixo das cabaler\u00edas e as vacas, entre as s\u00faas patas&#8230;\u201d<\/em><\/p><p>As\u00ed describ\u00eda Valle-Incl\u00e1n -nunha entrevista publicada en <em>El Heraldo de Madrid<\/em> o 13 de marzo de 1926- os recordos que ti\u00f1a da <strong>planta baixa<\/strong> da Casa do Cuadrante. Por aquel ent\u00f3n, toda esta \u00e1rea <strong>estaba ocupada polas cadras<\/strong> -divididas por tabiques para separar os animais-, as <strong>adegas<\/strong>, ademais dos <strong>apeiros<\/strong> propios dunha casa rural da \u00e9poca.<\/p>\t\t\t\t\t\t\t\t<\/div>\n\t\t\t\t<\/div>\n\t\t\t\t<\/div>\n\t\t<div class=\"elementor-element elementor-element-8d50832 e-con-full e-flex e-con e-parent\" data-id=\"8d50832\" data-element_type=\"container\" data-e-type=\"container\">\n\t\t\t\t<div class=\"elementor-element elementor-element-3420a0b elementor-widget elementor-widget-image\" data-id=\"3420a0b\" data-element_type=\"widget\" data-e-type=\"widget\" data-widget_type=\"image.default\">\n\t\t\t\t<div class=\"elementor-widget-container\">\n\t\t\t\t\t\t\t\t\t\t\t\t\t\t\t<img decoding=\"async\" width=\"2000\" height=\"610\" src=\"https:\/\/vilanova.travel\/casamuseovalleinclan\/wp-content\/uploads\/2024\/09\/planta-baja-min.jpeg\" class=\"attachment-full size-full wp-image-533\" alt=\"planta baja\" srcset=\"https:\/\/vilanova.travel\/casamuseovalleinclan\/wp-content\/uploads\/2024\/09\/planta-baja-min.jpeg 2000w, https:\/\/vilanova.travel\/casamuseovalleinclan\/wp-content\/uploads\/2024\/09\/planta-baja-min-300x92.jpeg 300w, https:\/\/vilanova.travel\/casamuseovalleinclan\/wp-content\/uploads\/2024\/09\/planta-baja-min-1024x312.jpeg 1024w, https:\/\/vilanova.travel\/casamuseovalleinclan\/wp-content\/uploads\/2024\/09\/planta-baja-min-768x234.jpeg 768w, https:\/\/vilanova.travel\/casamuseovalleinclan\/wp-content\/uploads\/2024\/09\/planta-baja-min-1536x468.jpeg 1536w\" sizes=\"(max-width: 2000px) 100vw, 2000px\" \/>\t\t\t\t\t\t\t\t\t\t\t\t\t\t\t<\/div>\n\t\t\t\t<\/div>\n\t\t\t\t<\/div>\n\t\t<div class=\"elementor-element elementor-element-70e9a1d e-con-full e-flex e-con e-parent\" data-id=\"70e9a1d\" data-element_type=\"container\" data-e-type=\"container\">\n\t\t\t\t<div class=\"elementor-element elementor-element-4ea016a elementor-widget elementor-widget-text-editor\" data-id=\"4ea016a\" data-element_type=\"widget\" data-e-type=\"widget\" data-widget_type=\"text-editor.default\">\n\t\t\t\t<div class=\"elementor-widget-container\">\n\t\t\t\t\t\t\t\t\t<p>A <strong>calor desprendida polas <em>cortes<\/em><\/strong> serv\u00eda de <strong>calefacci\u00f3n para a casa<\/strong> en inverno. Para conservar a calor, a ventilaci\u00f3n realiz\u00e1base a trav\u00e9s duns pequenos buracos abertos nas paredes, chamados <em>bufardas<\/em>. A\u00ednda hoxe de poden ver ditos respiradoiros na planta baixa da edificaci\u00f3n.<\/p><p>Na actualidade, <strong>este espazo dedicase \u00e1s dependencias administrativas<\/strong> municipais, a <strong>oficina de turismo<\/strong>, a <strong>recepci\u00f3n<\/strong> e unha ampla <strong>sala de exposici\u00f3ns<\/strong>. Poder\u00e1s realizar un repaso a trav\u00e9s da vida e obra de Valle-Incl\u00e1n descubrindo aut\u00e9nticos tesouros editoriais.<\/p><p>Nas vitrinas poder\u00e1s ver <strong>medio centenar de primeiras edici\u00f3ns de varias das obras do escritor<\/strong>. Entre elas non faltan a <em>Sonata de Oto\u00f1o<\/em> (1901), <em>de<\/em> <em>Est\u00edo<\/em> (1903), <em>de<\/em> <em>Primavera<\/em> (1904), ou os contos de <em>Jard\u00edn Umbr\u00edo<\/em> (1903), onde se fan varias referencias \u00e1 propia Casa do Cuadrante. Outros dos t\u00edtulos de referencia que poder\u00e1s ver do literato son <em>Divinas palabras <\/em>(1920), <em>Luces de bohemia<\/em> (1920), que deu lugar ao particular <em>esperpento<\/em> valleinclaniano, ou <em>Martes de Carnaval<\/em> (1930).<\/p>\t\t\t\t\t\t\t\t<\/div>\n\t\t\t\t<\/div>\n\t\t\t\t<\/div>\n\t\t<div class=\"elementor-element elementor-element-dfabea8 e-con-full e-flex e-con e-parent\" data-id=\"dfabea8\" data-element_type=\"container\" data-e-type=\"container\">\n\t\t\t\t<div class=\"elementor-element elementor-element-bc13701 elementor-widget elementor-widget-heading\" data-id=\"bc13701\" data-element_type=\"widget\" data-e-type=\"widget\" data-widget_type=\"heading.default\">\n\t\t\t\t<div class=\"elementor-widget-container\">\n\t\t\t\t\t<h2 class=\"elementor-heading-title elementor-size-default\">Galer\u00eda<\/h2>\t\t\t\t<\/div>\n\t\t\t\t<\/div>\n\t\t\t\t<div class=\"elementor-element elementor-element-135f6c1 elementor-arrows-position-inside elementor-widget elementor-widget-image-carousel\" data-id=\"135f6c1\" data-element_type=\"widget\" data-e-type=\"widget\" data-settings=\"{&quot;slides_to_show&quot;:&quot;4&quot;,&quot;slides_to_scroll&quot;:&quot;1&quot;,&quot;navigation&quot;:&quot;arrows&quot;,&quot;lazyload&quot;:&quot;yes&quot;,&quot;autoplay&quot;:&quot;yes&quot;,&quot;pause_on_hover&quot;:&quot;yes&quot;,&quot;pause_on_interaction&quot;:&quot;yes&quot;,&quot;autoplay_speed&quot;:5000,&quot;infinite&quot;:&quot;yes&quot;,&quot;speed&quot;:500,&quot;image_spacing_custom&quot;:{&quot;unit&quot;:&quot;px&quot;,&quot;size&quot;:20,&quot;sizes&quot;:[]},&quot;image_spacing_custom_tablet&quot;:{&quot;unit&quot;:&quot;px&quot;,&quot;size&quot;:&quot;&quot;,&quot;sizes&quot;:[]},&quot;image_spacing_custom_mobile&quot;:{&quot;unit&quot;:&quot;px&quot;,&quot;size&quot;:&quot;&quot;,&quot;sizes&quot;:[]}}\" data-widget_type=\"image-carousel.default\">\n\t\t\t\t<div class=\"elementor-widget-container\">\n\t\t\t\t\t\t\t<div class=\"elementor-image-carousel-wrapper swiper\" role=\"region\" aria-roledescription=\"carousel\" aria-label=\"Carrusel de im\u00e1genes\" dir=\"ltr\">\n\t\t\t<div class=\"elementor-image-carousel swiper-wrapper\" aria-live=\"off\">\n\t\t\t\t\t\t\t\t<div class=\"swiper-slide\" role=\"group\" aria-roledescription=\"slide\" aria-label=\"1 de 11\"><a data-elementor-open-lightbox=\"yes\" data-elementor-lightbox-slideshow=\"135f6c1\" data-e-action-hash=\"#elementor-action%3Aaction%3Dlightbox%26settings%3DeyJpZCI6NTQ1LCJ1cmwiOiJodHRwczpcL1wvdmlsYW5vdmEudHJhdmVsXC9jYXNhbXVzZW92YWxsZWluY2xhblwvd3AtY29udGVudFwvdXBsb2Fkc1wvMjAyNFwvMDlcL3BsYW50YS1iYWphLTEuanBlZyIsInNsaWRlc2hvdyI6IjEzNWY2YzEifQ%3D%3D\" href=\"https:\/\/vilanova.travel\/casamuseovalleinclan\/wp-content\/uploads\/2024\/09\/planta-baja-1.jpeg\"><figure class=\"swiper-slide-inner\"><img class=\"swiper-slide-image swiper-lazy\" data-src=\"https:\/\/vilanova.travel\/casamuseovalleinclan\/wp-content\/uploads\/2024\/09\/planta-baja-1.jpeg\" alt=\"planta baja (1)\" \/><div class=\"swiper-lazy-preloader\"><\/div><\/figure><\/a><\/div><div class=\"swiper-slide\" role=\"group\" aria-roledescription=\"slide\" aria-label=\"2 de 11\"><a data-elementor-open-lightbox=\"yes\" data-elementor-lightbox-slideshow=\"135f6c1\" data-e-action-hash=\"#elementor-action%3Aaction%3Dlightbox%26settings%3DeyJpZCI6NTQ2LCJ1cmwiOiJodHRwczpcL1wvdmlsYW5vdmEudHJhdmVsXC9jYXNhbXVzZW92YWxsZWluY2xhblwvd3AtY29udGVudFwvdXBsb2Fkc1wvMjAyNFwvMDlcL3BsYW50YS1iYWphLTIuanBlZyIsInNsaWRlc2hvdyI6IjEzNWY2YzEifQ%3D%3D\" href=\"https:\/\/vilanova.travel\/casamuseovalleinclan\/wp-content\/uploads\/2024\/09\/planta-baja-2.jpeg\"><figure class=\"swiper-slide-inner\"><img class=\"swiper-slide-image swiper-lazy\" data-src=\"https:\/\/vilanova.travel\/casamuseovalleinclan\/wp-content\/uploads\/2024\/09\/planta-baja-2.jpeg\" alt=\"planta baja (2)\" \/><div class=\"swiper-lazy-preloader\"><\/div><\/figure><\/a><\/div><div class=\"swiper-slide\" role=\"group\" aria-roledescription=\"slide\" aria-label=\"3 de 11\"><a data-elementor-open-lightbox=\"yes\" data-elementor-lightbox-slideshow=\"135f6c1\" data-e-action-hash=\"#elementor-action%3Aaction%3Dlightbox%26settings%3DeyJpZCI6NTQ3LCJ1cmwiOiJodHRwczpcL1wvdmlsYW5vdmEudHJhdmVsXC9jYXNhbXVzZW92YWxsZWluY2xhblwvd3AtY29udGVudFwvdXBsb2Fkc1wvMjAyNFwvMDlcL3BsYW50YS1iYWphLTMuanBlZyIsInNsaWRlc2hvdyI6IjEzNWY2YzEifQ%3D%3D\" href=\"https:\/\/vilanova.travel\/casamuseovalleinclan\/wp-content\/uploads\/2024\/09\/planta-baja-3.jpeg\"><figure class=\"swiper-slide-inner\"><img class=\"swiper-slide-image swiper-lazy\" data-src=\"https:\/\/vilanova.travel\/casamuseovalleinclan\/wp-content\/uploads\/2024\/09\/planta-baja-3.jpeg\" alt=\"planta baja (3)\" \/><div class=\"swiper-lazy-preloader\"><\/div><\/figure><\/a><\/div><div class=\"swiper-slide\" role=\"group\" aria-roledescription=\"slide\" aria-label=\"4 de 11\"><a data-elementor-open-lightbox=\"yes\" data-elementor-lightbox-slideshow=\"135f6c1\" data-e-action-hash=\"#elementor-action%3Aaction%3Dlightbox%26settings%3DeyJpZCI6NTQ4LCJ1cmwiOiJodHRwczpcL1wvdmlsYW5vdmEudHJhdmVsXC9jYXNhbXVzZW92YWxsZWluY2xhblwvd3AtY29udGVudFwvdXBsb2Fkc1wvMjAyNFwvMDlcL3BsYW50YS1iYWphLTQuanBlZyIsInNsaWRlc2hvdyI6IjEzNWY2YzEifQ%3D%3D\" href=\"https:\/\/vilanova.travel\/casamuseovalleinclan\/wp-content\/uploads\/2024\/09\/planta-baja-4.jpeg\"><figure class=\"swiper-slide-inner\"><img class=\"swiper-slide-image swiper-lazy\" data-src=\"https:\/\/vilanova.travel\/casamuseovalleinclan\/wp-content\/uploads\/2024\/09\/planta-baja-4.jpeg\" alt=\"planta baja (4)\" \/><div class=\"swiper-lazy-preloader\"><\/div><\/figure><\/a><\/div><div class=\"swiper-slide\" role=\"group\" aria-roledescription=\"slide\" aria-label=\"5 de 11\"><a data-elementor-open-lightbox=\"yes\" data-elementor-lightbox-slideshow=\"135f6c1\" data-e-action-hash=\"#elementor-action%3Aaction%3Dlightbox%26settings%3DeyJpZCI6NTQ5LCJ1cmwiOiJodHRwczpcL1wvdmlsYW5vdmEudHJhdmVsXC9jYXNhbXVzZW92YWxsZWluY2xhblwvd3AtY29udGVudFwvdXBsb2Fkc1wvMjAyNFwvMDlcL3BsYW50YS1iYWphLTUuanBlZyIsInNsaWRlc2hvdyI6IjEzNWY2YzEifQ%3D%3D\" href=\"https:\/\/vilanova.travel\/casamuseovalleinclan\/wp-content\/uploads\/2024\/09\/planta-baja-5.jpeg\"><figure class=\"swiper-slide-inner\"><img class=\"swiper-slide-image swiper-lazy\" data-src=\"https:\/\/vilanova.travel\/casamuseovalleinclan\/wp-content\/uploads\/2024\/09\/planta-baja-5.jpeg\" alt=\"planta baja (5)\" \/><div class=\"swiper-lazy-preloader\"><\/div><\/figure><\/a><\/div><div class=\"swiper-slide\" role=\"group\" aria-roledescription=\"slide\" aria-label=\"6 de 11\"><a data-elementor-open-lightbox=\"yes\" data-elementor-lightbox-slideshow=\"135f6c1\" data-e-action-hash=\"#elementor-action%3Aaction%3Dlightbox%26settings%3DeyJpZCI6NTUwLCJ1cmwiOiJodHRwczpcL1wvdmlsYW5vdmEudHJhdmVsXC9jYXNhbXVzZW92YWxsZWluY2xhblwvd3AtY29udGVudFwvdXBsb2Fkc1wvMjAyNFwvMDlcL3BsYW50YS1iYWphLTYuanBlZyIsInNsaWRlc2hvdyI6IjEzNWY2YzEifQ%3D%3D\" href=\"https:\/\/vilanova.travel\/casamuseovalleinclan\/wp-content\/uploads\/2024\/09\/planta-baja-6.jpeg\"><figure class=\"swiper-slide-inner\"><img class=\"swiper-slide-image swiper-lazy\" data-src=\"https:\/\/vilanova.travel\/casamuseovalleinclan\/wp-content\/uploads\/2024\/09\/planta-baja-6.jpeg\" alt=\"planta baja (6)\" \/><div class=\"swiper-lazy-preloader\"><\/div><\/figure><\/a><\/div><div class=\"swiper-slide\" role=\"group\" aria-roledescription=\"slide\" aria-label=\"7 de 11\"><a data-elementor-open-lightbox=\"yes\" data-elementor-lightbox-slideshow=\"135f6c1\" data-e-action-hash=\"#elementor-action%3Aaction%3Dlightbox%26settings%3DeyJpZCI6NTUxLCJ1cmwiOiJodHRwczpcL1wvdmlsYW5vdmEudHJhdmVsXC9jYXNhbXVzZW92YWxsZWluY2xhblwvd3AtY29udGVudFwvdXBsb2Fkc1wvMjAyNFwvMDlcL3BsYW50YS1iYWphLTcuanBlZyIsInNsaWRlc2hvdyI6IjEzNWY2YzEifQ%3D%3D\" href=\"https:\/\/vilanova.travel\/casamuseovalleinclan\/wp-content\/uploads\/2024\/09\/planta-baja-7.jpeg\"><figure class=\"swiper-slide-inner\"><img class=\"swiper-slide-image swiper-lazy\" data-src=\"https:\/\/vilanova.travel\/casamuseovalleinclan\/wp-content\/uploads\/2024\/09\/planta-baja-7.jpeg\" alt=\"planta baja (7)\" \/><div class=\"swiper-lazy-preloader\"><\/div><\/figure><\/a><\/div><div class=\"swiper-slide\" role=\"group\" aria-roledescription=\"slide\" aria-label=\"8 de 11\"><a data-elementor-open-lightbox=\"yes\" data-elementor-lightbox-slideshow=\"135f6c1\" data-e-action-hash=\"#elementor-action%3Aaction%3Dlightbox%26settings%3DeyJpZCI6NTUyLCJ1cmwiOiJodHRwczpcL1wvdmlsYW5vdmEudHJhdmVsXC9jYXNhbXVzZW92YWxsZWluY2xhblwvd3AtY29udGVudFwvdXBsb2Fkc1wvMjAyNFwvMDlcL3BsYW50YS1iYWphLTguanBlZyIsInNsaWRlc2hvdyI6IjEzNWY2YzEifQ%3D%3D\" href=\"https:\/\/vilanova.travel\/casamuseovalleinclan\/wp-content\/uploads\/2024\/09\/planta-baja-8.jpeg\"><figure class=\"swiper-slide-inner\"><img class=\"swiper-slide-image swiper-lazy\" data-src=\"https:\/\/vilanova.travel\/casamuseovalleinclan\/wp-content\/uploads\/2024\/09\/planta-baja-8.jpeg\" alt=\"planta baja (8)\" \/><div class=\"swiper-lazy-preloader\"><\/div><\/figure><\/a><\/div><div class=\"swiper-slide\" role=\"group\" aria-roledescription=\"slide\" aria-label=\"9 de 11\"><a data-elementor-open-lightbox=\"yes\" data-elementor-lightbox-slideshow=\"135f6c1\" data-e-action-hash=\"#elementor-action%3Aaction%3Dlightbox%26settings%3DeyJpZCI6NTUzLCJ1cmwiOiJodHRwczpcL1wvdmlsYW5vdmEudHJhdmVsXC9jYXNhbXVzZW92YWxsZWluY2xhblwvd3AtY29udGVudFwvdXBsb2Fkc1wvMjAyNFwvMDlcL3BsYW50YS1iYWphLTkuanBlZyIsInNsaWRlc2hvdyI6IjEzNWY2YzEifQ%3D%3D\" href=\"https:\/\/vilanova.travel\/casamuseovalleinclan\/wp-content\/uploads\/2024\/09\/planta-baja-9.jpeg\"><figure class=\"swiper-slide-inner\"><img class=\"swiper-slide-image swiper-lazy\" data-src=\"https:\/\/vilanova.travel\/casamuseovalleinclan\/wp-content\/uploads\/2024\/09\/planta-baja-9.jpeg\" alt=\"planta baja (9)\" \/><div class=\"swiper-lazy-preloader\"><\/div><\/figure><\/a><\/div><div class=\"swiper-slide\" role=\"group\" aria-roledescription=\"slide\" aria-label=\"10 de 11\"><a data-elementor-open-lightbox=\"yes\" data-elementor-lightbox-slideshow=\"135f6c1\" data-e-action-hash=\"#elementor-action%3Aaction%3Dlightbox%26settings%3DeyJpZCI6NTU0LCJ1cmwiOiJodHRwczpcL1wvdmlsYW5vdmEudHJhdmVsXC9jYXNhbXVzZW92YWxsZWluY2xhblwvd3AtY29udGVudFwvdXBsb2Fkc1wvMjAyNFwvMDlcL3BsYW50YS1iYWphLTEwLmpwZWciLCJzbGlkZXNob3ciOiIxMzVmNmMxIn0%3D\" href=\"https:\/\/vilanova.travel\/casamuseovalleinclan\/wp-content\/uploads\/2024\/09\/planta-baja-10.jpeg\"><figure class=\"swiper-slide-inner\"><img class=\"swiper-slide-image swiper-lazy\" data-src=\"https:\/\/vilanova.travel\/casamuseovalleinclan\/wp-content\/uploads\/2024\/09\/planta-baja-10.jpeg\" alt=\"planta baja (10)\" \/><div class=\"swiper-lazy-preloader\"><\/div><\/figure><\/a><\/div><div class=\"swiper-slide\" role=\"group\" aria-roledescription=\"slide\" aria-label=\"11 de 11\"><a data-elementor-open-lightbox=\"yes\" data-elementor-lightbox-slideshow=\"135f6c1\" data-e-action-hash=\"#elementor-action%3Aaction%3Dlightbox%26settings%3DeyJpZCI6NTU1LCJ1cmwiOiJodHRwczpcL1wvdmlsYW5vdmEudHJhdmVsXC9jYXNhbXVzZW92YWxsZWluY2xhblwvd3AtY29udGVudFwvdXBsb2Fkc1wvMjAyNFwvMDlcL3BsYW50YS1iYWphLTExLmpwZWciLCJzbGlkZXNob3ciOiIxMzVmNmMxIn0%3D\" href=\"https:\/\/vilanova.travel\/casamuseovalleinclan\/wp-content\/uploads\/2024\/09\/planta-baja-11.jpeg\"><figure class=\"swiper-slide-inner\"><img class=\"swiper-slide-image swiper-lazy\" data-src=\"https:\/\/vilanova.travel\/casamuseovalleinclan\/wp-content\/uploads\/2024\/09\/planta-baja-11.jpeg\" alt=\"planta baja (11)\" \/><div class=\"swiper-lazy-preloader\"><\/div><\/figure><\/a><\/div>\t\t\t<\/div>\n\t\t\t\t\t\t\t\t\t\t\t\t<div class=\"elementor-swiper-button elementor-swiper-button-prev\" role=\"button\" tabindex=\"0\">\n\t\t\t\t\t\t<svg aria-hidden=\"true\" class=\"e-font-icon-svg e-eicon-chevron-left\" viewBox=\"0 0 1000 1000\" xmlns=\"http:\/\/www.w3.org\/2000\/svg\"><path d=\"M646 125C629 125 613 133 604 142L308 442C296 454 292 471 292 487 292 504 296 521 308 533L604 854C617 867 629 875 646 875 663 875 679 871 692 858 704 846 713 829 713 812 713 796 708 779 692 767L438 487 692 225C700 217 708 204 708 187 708 171 704 154 692 142 675 129 663 125 646 125Z\"><\/path><\/svg>\t\t\t\t\t<\/div>\n\t\t\t\t\t<div class=\"elementor-swiper-button elementor-swiper-button-next\" role=\"button\" tabindex=\"0\">\n\t\t\t\t\t\t<svg aria-hidden=\"true\" class=\"e-font-icon-svg e-eicon-chevron-right\" viewBox=\"0 0 1000 1000\" xmlns=\"http:\/\/www.w3.org\/2000\/svg\"><path d=\"M696 533C708 521 713 504 713 487 713 471 708 454 696 446L400 146C388 133 375 125 354 125 338 125 325 129 313 142 300 154 292 171 292 187 292 204 296 221 308 233L563 492 304 771C292 783 288 800 288 817 288 833 296 850 308 863 321 871 338 875 354 875 371 875 388 867 400 854L696 533Z\"><\/path><\/svg>\t\t\t\t\t<\/div>\n\t\t\t\t\n\t\t\t\t\t\t\t\t\t<\/div>\n\t\t\t\t\t\t<\/div>\n\t\t\t\t<\/div>\n\t\t\t\t<div class=\"elementor-element elementor-element-43d314f elementor-align-center elementor-widget elementor-widget-button\" data-id=\"43d314f\" data-element_type=\"widget\" data-e-type=\"widget\" data-widget_type=\"button.default\">\n\t\t\t\t<div class=\"elementor-widget-container\">\n\t\t\t\t\t\t\t\t\t<div class=\"elementor-button-wrapper\">\n\t\t\t\t\t<a class=\"elementor-button elementor-button-link elementor-size-sm\" href=\"https:\/\/vilanova.travel\/casamuseovalleinclan\/gl\/interior-planta-alta-2\/\">\n\t\t\t\t\t\t<span class=\"elementor-button-content-wrapper\">\n\t\t\t\t\t\t<span class=\"elementor-button-icon\">\n\t\t\t\t<svg aria-hidden=\"true\" class=\"e-font-icon-svg e-fas-angle-right\" viewBox=\"0 0 256 512\" xmlns=\"http:\/\/www.w3.org\/2000\/svg\"><path d=\"M224.3 273l-136 136c-9.4 9.4-24.6 9.4-33.9 0l-22.6-22.6c-9.4-9.4-9.4-24.6 0-33.9l96.4-96.4-96.4-96.4c-9.4-9.4-9.4-24.6 0-33.9L54.3 103c9.4-9.4 24.6-9.4 33.9 0l136 136c9.5 9.4 9.5 24.6.1 34z\"><\/path><\/svg>\t\t\t<\/span>\n\t\t\t\t\t\t\t\t\t<span class=\"elementor-button-text\">Contin\u00fae lendo: Primeira planta<\/span>\n\t\t\t\t\t<\/span>\n\t\t\t\t\t<\/a>\n\t\t\t\t<\/div>\n\t\t\t\t\t\t\t\t<\/div>\n\t\t\t\t<\/div>\n\t\t\t\t<\/div>\n\t\t\t\t<\/div>\n\t\t","protected":false},"excerpt":{"rendered":"<p>Interior Planta baixa \u201cGust\u00e1bame a acci\u00f3n; gust\u00e1banme as empresas arriscadas&#8230; Sendo un beb\u00e9, a\u00ednda en brazos da aia, encant\u00e1bame que me baixaran aos cortellos, a tocar a testa das vacas. A\u00ednda te\u00f1o viva a impresi\u00f3n que me produc\u00edan os seus ollos h\u00famidos, enormes. En canto fun un pouco maior apliqueime a realizar un feito que&hellip;&nbsp;<a href=\"https:\/\/vilanova.travel\/casamuseovalleinclan\/gl\/interior\/\" rel=\"bookmark\">Leer m\u00e1s &raquo;<span class=\"screen-reader-text\">Interior<\/span><\/a><\/p>\n","protected":false},"author":1,"featured_media":0,"parent":0,"menu_order":0,"comment_status":"closed","ping_status":"closed","template":"elementor_header_footer","meta":{"inline_featured_image":false,"neve_meta_sidebar":"","neve_meta_container":"","neve_meta_enable_content_width":"","neve_meta_content_width":0,"neve_meta_title_alignment":"","neve_meta_author_avatar":"","neve_post_elements_order":"","neve_meta_disable_header":"","neve_meta_disable_footer":"","neve_meta_disable_title":"","footnotes":""},"class_list":["post-1321","page","type-page","status-publish","hentry"],"_links":{"self":[{"href":"https:\/\/vilanova.travel\/casamuseovalleinclan\/wp-json\/wp\/v2\/pages\/1321","targetHints":{"allow":["GET"]}}],"collection":[{"href":"https:\/\/vilanova.travel\/casamuseovalleinclan\/wp-json\/wp\/v2\/pages"}],"about":[{"href":"https:\/\/vilanova.travel\/casamuseovalleinclan\/wp-json\/wp\/v2\/types\/page"}],"author":[{"embeddable":true,"href":"https:\/\/vilanova.travel\/casamuseovalleinclan\/wp-json\/wp\/v2\/users\/1"}],"replies":[{"embeddable":true,"href":"https:\/\/vilanova.travel\/casamuseovalleinclan\/wp-json\/wp\/v2\/comments?post=1321"}],"version-history":[{"count":13,"href":"https:\/\/vilanova.travel\/casamuseovalleinclan\/wp-json\/wp\/v2\/pages\/1321\/revisions"}],"predecessor-version":[{"id":1706,"href":"https:\/\/vilanova.travel\/casamuseovalleinclan\/wp-json\/wp\/v2\/pages\/1321\/revisions\/1706"}],"wp:attachment":[{"href":"https:\/\/vilanova.travel\/casamuseovalleinclan\/wp-json\/wp\/v2\/media?parent=1321"}],"curies":[{"name":"wp","href":"https:\/\/api.w.org\/{rel}","templated":true}]}}