{"id":903,"date":"2024-12-16T14:17:51","date_gmt":"2024-12-16T12:17:51","guid":{"rendered":"https:\/\/vilanova.travel\/casamuseoirmanscamba\/?page_id=903"},"modified":"2024-12-16T14:19:35","modified_gmt":"2024-12-16T12:19:35","slug":"francisco-camba-3","status":"publish","type":"page","link":"https:\/\/vilanova.travel\/casamuseoirmanscamba\/en\/francisco-camba-3\/","title":{"rendered":"Francisco Camba"},"content":{"rendered":"\t\t<div data-elementor-type=\"wp-page\" data-elementor-id=\"903\" class=\"elementor elementor-903\">\n\t\t\t\t<div class=\"elementor-element elementor-element-a844eec e-con-full e-flex e-con e-parent\" data-id=\"a844eec\" data-element_type=\"container\" data-e-type=\"container\">\n\t\t\t\t<div class=\"elementor-element elementor-element-bf8f6c8 elementor-widget elementor-widget-image\" data-id=\"bf8f6c8\" data-element_type=\"widget\" data-e-type=\"widget\" data-widget_type=\"image.default\">\n\t\t\t\t<div class=\"elementor-widget-container\">\n\t\t\t\t\t\t\t\t\t\t\t\t\t\t\t<img fetchpriority=\"high\" decoding=\"async\" width=\"1728\" height=\"320\" src=\"https:\/\/vilanova.travel\/casamuseoirmanscamba\/wp-content\/uploads\/2024\/09\/cabecera-francisco-camba.jpeg\" class=\"attachment-full size-full wp-image-293\" alt=\"cabecera francisco camba\" srcset=\"https:\/\/vilanova.travel\/casamuseoirmanscamba\/wp-content\/uploads\/2024\/09\/cabecera-francisco-camba.jpeg 1728w, https:\/\/vilanova.travel\/casamuseoirmanscamba\/wp-content\/uploads\/2024\/09\/cabecera-francisco-camba-300x56.jpeg 300w, https:\/\/vilanova.travel\/casamuseoirmanscamba\/wp-content\/uploads\/2024\/09\/cabecera-francisco-camba-1024x190.jpeg 1024w, https:\/\/vilanova.travel\/casamuseoirmanscamba\/wp-content\/uploads\/2024\/09\/cabecera-francisco-camba-768x142.jpeg 768w, https:\/\/vilanova.travel\/casamuseoirmanscamba\/wp-content\/uploads\/2024\/09\/cabecera-francisco-camba-1536x284.jpeg 1536w\" sizes=\"(max-width: 1728px) 100vw, 1728px\" \/>\t\t\t\t\t\t\t\t\t\t\t\t\t\t\t<\/div>\n\t\t\t\t<\/div>\n\t\t\t\t<\/div>\n\t\t<div class=\"elementor-element elementor-element-c53c963 e-con-full e-flex e-con e-parent\" data-id=\"c53c963\" data-element_type=\"container\" data-e-type=\"container\">\n\t\t\t\t<div class=\"elementor-element elementor-element-456e494 elementor-widget elementor-widget-heading\" data-id=\"456e494\" data-element_type=\"widget\" data-e-type=\"widget\" data-widget_type=\"heading.default\">\n\t\t\t\t<div class=\"elementor-widget-container\">\n\t\t\t\t\t<h1 class=\"elementor-heading-title elementor-size-default\">Francisco Camba<\/h1>\t\t\t\t<\/div>\n\t\t\t\t<\/div>\n\t\t\t\t<\/div>\n\t\t<div class=\"elementor-element elementor-element-b420640 e-con-full elementor-hidden-mobile e-flex e-con e-parent\" data-id=\"b420640\" data-element_type=\"container\" data-e-type=\"container\">\n\t\t<div class=\"elementor-element elementor-element-3441ed5 e-con-full e-flex e-con e-child\" data-id=\"3441ed5\" data-element_type=\"container\" data-e-type=\"container\" data-settings=\"{&quot;background_background&quot;:&quot;classic&quot;}\">\n\t\t\t\t<div class=\"elementor-element elementor-element-8c76597 elementor-widget elementor-widget-image\" data-id=\"8c76597\" data-element_type=\"widget\" data-e-type=\"widget\" data-widget_type=\"image.default\">\n\t\t\t\t<div class=\"elementor-widget-container\">\n\t\t\t\t\t\t\t\t\t\t\t\t\t\t\t<img decoding=\"async\" width=\"640\" height=\"426\" src=\"https:\/\/vilanova.travel\/casamuseoirmanscamba\/wp-content\/uploads\/2024\/09\/Vilanova_03-07b_Casa_Museo_Irma\u2560uns_Camba.jpg\" class=\"attachment-full size-full wp-image-297\" alt=\"Vilanova_03-07b_Casa_Museo_Irma\u2560\u00fcns_Camba\" srcset=\"https:\/\/vilanova.travel\/casamuseoirmanscamba\/wp-content\/uploads\/2024\/09\/Vilanova_03-07b_Casa_Museo_Irma\u2560uns_Camba.jpg 640w, https:\/\/vilanova.travel\/casamuseoirmanscamba\/wp-content\/uploads\/2024\/09\/Vilanova_03-07b_Casa_Museo_Irma\u2560uns_Camba-300x200.jpg 300w\" sizes=\"(max-width: 640px) 100vw, 640px\" \/>\t\t\t\t\t\t\t\t\t\t\t\t\t\t\t<\/div>\n\t\t\t\t<\/div>\n\t\t\t\t<\/div>\n\t\t<div class=\"elementor-element elementor-element-8579960 e-con-full e-flex e-con e-child\" data-id=\"8579960\" data-element_type=\"container\" data-e-type=\"container\">\n\t\t\t\t<div class=\"elementor-element elementor-element-359e6ae elementor-widget elementor-widget-heading\" data-id=\"359e6ae\" data-element_type=\"widget\" data-e-type=\"widget\" data-widget_type=\"heading.default\">\n\t\t\t\t<div class=\"elementor-widget-container\">\n\t\t\t\t\t<h3 class=\"elementor-heading-title elementor-size-default\">Childhood<\/h3>\t\t\t\t<\/div>\n\t\t\t\t<\/div>\n\t\t\t\t<div class=\"elementor-element elementor-element-b69edc5 elementor-widget elementor-widget-text-editor\" data-id=\"b69edc5\" data-element_type=\"widget\" data-e-type=\"widget\" data-widget_type=\"text-editor.default\">\n\t\t\t\t<div class=\"elementor-widget-container\">\n\t\t\t\t\t\t\t\t\t<p><strong>Born<\/strong> in <strong>1882, Francisco (<em>Paco<\/em>) Camba<\/strong> showed his <strong>devotion to literature <\/strong>from a very young age<strong>.<\/strong> In <strong>1898<\/strong>, he <strong>qualified as a Teacher <\/strong>and one of his first destinations was Portomar\u00edn. He took advantage of his stay in this town to <strong>contribute to different media outlets of that time<\/strong> such as <em>La Idea moderna <\/em>or<em> El Lucense<\/em>. After working in other places, he finally <strong>decided to move to Madrid to pursue his vocation as a novelist, <\/strong>a career that he had begun in 1900.<\/p>\t\t\t\t\t\t\t\t<\/div>\n\t\t\t\t<\/div>\n\t\t\t\t<\/div>\n\t\t\t\t<\/div>\n\t\t<div class=\"elementor-element elementor-element-b9665dc e-con-full elementor-hidden-desktop elementor-hidden-tablet e-flex e-con e-parent\" data-id=\"b9665dc\" data-element_type=\"container\" data-e-type=\"container\">\n\t\t<div class=\"elementor-element elementor-element-1c1a567 e-con-full e-flex e-con e-child\" data-id=\"1c1a567\" data-element_type=\"container\" data-e-type=\"container\">\n\t\t\t\t<div class=\"elementor-element elementor-element-1025fe5 elementor-widget elementor-widget-heading\" data-id=\"1025fe5\" data-element_type=\"widget\" data-e-type=\"widget\" data-widget_type=\"heading.default\">\n\t\t\t\t<div class=\"elementor-widget-container\">\n\t\t\t\t\t<h3 class=\"elementor-heading-title elementor-size-default\">Childhood<\/h3>\t\t\t\t<\/div>\n\t\t\t\t<\/div>\n\t\t\t\t<div class=\"elementor-element elementor-element-386e524 elementor-widget elementor-widget-text-editor\" data-id=\"386e524\" data-element_type=\"widget\" data-e-type=\"widget\" data-widget_type=\"text-editor.default\">\n\t\t\t\t<div class=\"elementor-widget-container\">\n\t\t\t\t\t\t\t\t\t<p><strong>Born<\/strong> in <strong>1882, Francisco (<em>Paco<\/em>) Camba<\/strong> showed his <strong>devotion to literature <\/strong>from a very young age<strong>.<\/strong> In <strong>1898<\/strong>, he <strong>qualified as a Teacher <\/strong>and one of his first destinations was Portomar\u00edn. He took advantage of his stay in this town to <strong>contribute to different media outlets of that time<\/strong> such as <em>La Idea moderna <\/em>or<em> El Lucense<\/em>. After working in other places, he finally <strong>decided to move to Madrid to pursue his vocation as a novelist, <\/strong>a career that he had begun in 1900.<\/p>\t\t\t\t\t\t\t\t<\/div>\n\t\t\t\t<\/div>\n\t\t\t\t<\/div>\n\t\t<div class=\"elementor-element elementor-element-3a54fa8 e-con-full e-flex e-con e-child\" data-id=\"3a54fa8\" data-element_type=\"container\" data-e-type=\"container\" data-settings=\"{&quot;background_background&quot;:&quot;classic&quot;}\">\n\t\t\t\t<div class=\"elementor-element elementor-element-1df3aa5 elementor-hidden-desktop elementor-hidden-tablet elementor-widget elementor-widget-image\" data-id=\"1df3aa5\" data-element_type=\"widget\" data-e-type=\"widget\" data-widget_type=\"image.default\">\n\t\t\t\t<div class=\"elementor-widget-container\">\n\t\t\t\t\t\t\t\t\t\t\t\t\t\t\t<img decoding=\"async\" width=\"640\" height=\"426\" src=\"https:\/\/vilanova.travel\/casamuseoirmanscamba\/wp-content\/uploads\/2024\/09\/Vilanova_03-07b_Casa_Museo_Irma\u2560uns_Camba.jpg\" class=\"attachment-full size-full wp-image-297\" alt=\"Vilanova_03-07b_Casa_Museo_Irma\u2560\u00fcns_Camba\" srcset=\"https:\/\/vilanova.travel\/casamuseoirmanscamba\/wp-content\/uploads\/2024\/09\/Vilanova_03-07b_Casa_Museo_Irma\u2560uns_Camba.jpg 640w, https:\/\/vilanova.travel\/casamuseoirmanscamba\/wp-content\/uploads\/2024\/09\/Vilanova_03-07b_Casa_Museo_Irma\u2560uns_Camba-300x200.jpg 300w\" sizes=\"(max-width: 640px) 100vw, 640px\" \/>\t\t\t\t\t\t\t\t\t\t\t\t\t\t\t<\/div>\n\t\t\t\t<\/div>\n\t\t\t\t<\/div>\n\t\t\t\t<\/div>\n\t\t<div class=\"elementor-element elementor-element-3221f37 e-con-full e-flex e-con e-parent\" data-id=\"3221f37\" data-element_type=\"container\" data-e-type=\"container\" data-settings=\"{&quot;background_background&quot;:&quot;classic&quot;}\">\n\t\t<div class=\"elementor-element elementor-element-78425a8 e-con-full e-flex e-con e-child\" data-id=\"78425a8\" data-element_type=\"container\" data-e-type=\"container\">\n\t\t\t\t<div class=\"elementor-element elementor-element-7d9ab7f elementor-widget elementor-widget-heading\" data-id=\"7d9ab7f\" data-element_type=\"widget\" data-e-type=\"widget\" data-widget_type=\"heading.default\">\n\t\t\t\t<div class=\"elementor-widget-container\">\n\t\t\t\t\t<h3 class=\"elementor-heading-title elementor-size-default\">Youth and anarchism<\/h3>\t\t\t\t<\/div>\n\t\t\t\t<\/div>\n\t\t\t\t<div class=\"elementor-element elementor-element-c5ece0c elementor-widget elementor-widget-text-editor\" data-id=\"c5ece0c\" data-element_type=\"widget\" data-e-type=\"widget\" data-widget_type=\"text-editor.default\">\n\t\t\t\t<div class=\"elementor-widget-container\">\n\t\t\t\t\t\t\t\t\t<p><strong>He moved to the Spanish capital in 1902<\/strong> and there <strong>he met great intellectuals of that time,<\/strong> including <strong>Valle-Incl\u00e1n himself<\/strong>. Camba contributed to different media outlets, especially <em>El<\/em> <em>Imparcial<\/em>. He became <strong>a regular at the literary gatherings <\/strong>that took place in the Nuevo Caf\u00e9 de Levante and the Horchater\u00eda de Candelas, where he met authors such as Rub\u00e9n Dar\u00edo or P\u00edo and Ricardo Baroja.<\/p><p><strong>After his time in Buenos Aires, he returned to Madrid to continue his literary work<\/strong>. The <strong>time of the Spanish Civil War,<\/strong> which he spent in the capital of Spain, was especially turbulent, stimulating him to create new works.<\/p>\t\t\t\t\t\t\t\t<\/div>\n\t\t\t\t<\/div>\n\t\t\t\t<\/div>\n\t\t<div class=\"elementor-element elementor-element-e1b3627 e-con-full e-flex e-con e-child\" data-id=\"e1b3627\" data-element_type=\"container\" data-e-type=\"container\" data-settings=\"{&quot;background_background&quot;:&quot;classic&quot;}\">\n\t\t\t\t<div class=\"elementor-element elementor-element-ffebf78 elementor-widget elementor-widget-image\" data-id=\"ffebf78\" data-element_type=\"widget\" data-e-type=\"widget\" data-widget_type=\"image.default\">\n\t\t\t\t<div class=\"elementor-widget-container\">\n\t\t\t\t\t\t\t\t\t\t\t\t\t\t\t<img decoding=\"async\" width=\"640\" height=\"857\" src=\"https:\/\/vilanova.travel\/casamuseoirmanscamba\/wp-content\/uploads\/2024\/09\/1906-01-01-El-Heraldo-nuestros-colaboradores.jpg\" class=\"attachment-full size-full wp-image-301\" alt=\"1906-01-01-El-Heraldo-nuestros-colaboradores\" srcset=\"https:\/\/vilanova.travel\/casamuseoirmanscamba\/wp-content\/uploads\/2024\/09\/1906-01-01-El-Heraldo-nuestros-colaboradores.jpg 640w, https:\/\/vilanova.travel\/casamuseoirmanscamba\/wp-content\/uploads\/2024\/09\/1906-01-01-El-Heraldo-nuestros-colaboradores-224x300.jpg 224w\" sizes=\"(max-width: 640px) 100vw, 640px\" \/>\t\t\t\t\t\t\t\t\t\t\t\t\t\t\t<\/div>\n\t\t\t\t<\/div>\n\t\t\t\t<\/div>\n\t\t\t\t<\/div>\n\t\t<div class=\"elementor-element elementor-element-23bc998 e-con-full elementor-hidden-mobile e-flex e-con e-parent\" data-id=\"23bc998\" data-element_type=\"container\" data-e-type=\"container\">\n\t\t<div class=\"elementor-element elementor-element-009c48f e-con-full e-flex e-con e-child\" data-id=\"009c48f\" data-element_type=\"container\" data-e-type=\"container\" data-settings=\"{&quot;background_background&quot;:&quot;classic&quot;}\">\n\t\t\t\t<div class=\"elementor-element elementor-element-1190216 elementor-widget elementor-widget-image\" data-id=\"1190216\" data-element_type=\"widget\" data-e-type=\"widget\" data-widget_type=\"image.default\">\n\t\t\t\t<div class=\"elementor-widget-container\">\n\t\t\t\t\t\t\t\t\t\t\t\t\t\t\t<img loading=\"lazy\" decoding=\"async\" width=\"640\" height=\"911\" src=\"https:\/\/vilanova.travel\/casamuseoirmanscamba\/wp-content\/uploads\/2024\/09\/Lance_de_amor_1927_Francisco_Camba_La_novela_de_hoy.jpg\" class=\"attachment-full size-full wp-image-305\" alt=\"Lance_de_amor_1927_Francisco_Camba,_La_novela_de_hoy\" srcset=\"https:\/\/vilanova.travel\/casamuseoirmanscamba\/wp-content\/uploads\/2024\/09\/Lance_de_amor_1927_Francisco_Camba_La_novela_de_hoy.jpg 640w, https:\/\/vilanova.travel\/casamuseoirmanscamba\/wp-content\/uploads\/2024\/09\/Lance_de_amor_1927_Francisco_Camba_La_novela_de_hoy-211x300.jpg 211w\" sizes=\"(max-width: 640px) 100vw, 640px\" \/>\t\t\t\t\t\t\t\t\t\t\t\t\t\t\t<\/div>\n\t\t\t\t<\/div>\n\t\t\t\t<\/div>\n\t\t<div class=\"elementor-element elementor-element-93c4894 e-con-full e-flex e-con e-child\" data-id=\"93c4894\" data-element_type=\"container\" data-e-type=\"container\">\n\t\t\t\t<div class=\"elementor-element elementor-element-b5a0139 elementor-widget elementor-widget-heading\" data-id=\"b5a0139\" data-element_type=\"widget\" data-e-type=\"widget\" data-widget_type=\"heading.default\">\n\t\t\t\t<div class=\"elementor-widget-container\">\n\t\t\t\t\t<h3 class=\"elementor-heading-title elementor-size-default\">His work<\/h3>\t\t\t\t<\/div>\n\t\t\t\t<\/div>\n\t\t\t\t<div class=\"elementor-element elementor-element-04da941 elementor-widget elementor-widget-text-editor\" data-id=\"04da941\" data-element_type=\"widget\" data-e-type=\"widget\" data-widget_type=\"text-editor.default\">\n\t\t\t\t<div class=\"elementor-widget-container\">\n\t\t\t\t\t\t\t\t\t<p><strong>His work is divided into several periods<\/strong>, of which two stand out. The first of these focuses on the <strong><em>costumbrista<\/em> novel <\/strong>(featuring local customs and manners), among which we can highlight the publication of <strong><em>Los nietos de \u00cdcaro<\/em><\/strong><em>,<\/em> considered the <strong>first Spanish novel about aviation<\/strong>. Also noteworthy is the book <strong><em>El velloino de plata<\/em><\/strong>, centred on <strong>emigration<\/strong> <strong>to America.<\/strong><\/p><p>The second period belongs to the genre of <strong>historical novel<\/strong>. In this case, and <strong>as a result of his stay in Madrid during the Spanish Civil War<\/strong>, the <strong><em>Episodios Contempor\u00e1neos <\/em><\/strong>stand out<strong>.<\/strong> Following in the footsteps of P\u00e9rez Gald\u00f3s, <strong>his writings combined fiction with the reality of that time.<\/strong> Of major importance is his <strong>autobiographical novel <em>Madridgrado<\/em><\/strong> (1939), which reflects his experiences during the Spanish Civil War.<\/p><p><strong>Francisco Camba&#8217;s works were very well received during his time.<\/strong> However, that is not the case today, unlike those of his brother, Julio Camba, whose publications are still well renowned. <strong>Francisco died in 1948 in Madrid, at the age of 65.<\/strong><\/p>\t\t\t\t\t\t\t\t<\/div>\n\t\t\t\t<\/div>\n\t\t\t\t<\/div>\n\t\t\t\t<\/div>\n\t\t<div class=\"elementor-element elementor-element-a156f51 e-con-full elementor-hidden-desktop elementor-hidden-tablet e-flex e-con e-parent\" data-id=\"a156f51\" data-element_type=\"container\" data-e-type=\"container\">\n\t\t<div class=\"elementor-element elementor-element-5e95b98 e-con-full e-flex e-con e-child\" data-id=\"5e95b98\" data-element_type=\"container\" data-e-type=\"container\">\n\t\t\t\t<div class=\"elementor-element elementor-element-858a11f elementor-widget elementor-widget-heading\" data-id=\"858a11f\" data-element_type=\"widget\" data-e-type=\"widget\" data-widget_type=\"heading.default\">\n\t\t\t\t<div class=\"elementor-widget-container\">\n\t\t\t\t\t<h3 class=\"elementor-heading-title elementor-size-default\">His work<\/h3>\t\t\t\t<\/div>\n\t\t\t\t<\/div>\n\t\t\t\t<div class=\"elementor-element elementor-element-5db8c1b elementor-widget elementor-widget-text-editor\" data-id=\"5db8c1b\" data-element_type=\"widget\" data-e-type=\"widget\" data-widget_type=\"text-editor.default\">\n\t\t\t\t<div class=\"elementor-widget-container\">\n\t\t\t\t\t\t\t\t\t<p><strong>His work is divided into several periods<\/strong>, of which two stand out. The first of these focuses on the <strong><em>costumbrista<\/em> novel <\/strong>(featuring local customs and manners), among which we can highlight the publication of <strong><em>Los nietos de \u00cdcaro<\/em><\/strong><em>,<\/em> considered the <strong>first Spanish novel about aviation<\/strong>. Also noteworthy is the book <strong><em>El velloino de plata<\/em><\/strong>, centred on <strong>emigration<\/strong> <strong>to America.<\/strong><\/p><p>The second period belongs to the genre of <strong>historical novel<\/strong>. In this case, and <strong>as a result of his stay in Madrid during the Spanish Civil War<\/strong>, the <strong><em>Episodios Contempor\u00e1neos <\/em><\/strong>stand out<strong>.<\/strong> Following in the footsteps of P\u00e9rez Gald\u00f3s, <strong>his writings combined fiction with the reality of that time.<\/strong> Of major importance is his <strong>autobiographical novel <em>Madridgrado<\/em><\/strong> (1939), which reflects his experiences during the Spanish Civil War.<\/p><p><strong>Francisco Camba&#8217;s works were very well received during his time.<\/strong> However, that is not the case today, unlike those of his brother, Julio Camba, whose publications are still well renowned. <strong>Francisco died in 1948 in Madrid, at the age of 65.<\/strong><\/p>\t\t\t\t\t\t\t\t<\/div>\n\t\t\t\t<\/div>\n\t\t\t\t<\/div>\n\t\t<div class=\"elementor-element elementor-element-ef03339 e-con-full e-flex e-con e-child\" data-id=\"ef03339\" data-element_type=\"container\" data-e-type=\"container\" data-settings=\"{&quot;background_background&quot;:&quot;classic&quot;}\">\n\t\t\t\t<div class=\"elementor-element elementor-element-583adb0 elementor-hidden-desktop elementor-hidden-tablet elementor-widget elementor-widget-image\" data-id=\"583adb0\" data-element_type=\"widget\" data-e-type=\"widget\" data-widget_type=\"image.default\">\n\t\t\t\t<div class=\"elementor-widget-container\">\n\t\t\t\t\t\t\t\t\t\t\t\t\t\t\t<img loading=\"lazy\" decoding=\"async\" width=\"640\" height=\"911\" src=\"https:\/\/vilanova.travel\/casamuseoirmanscamba\/wp-content\/uploads\/2024\/09\/Lance_de_amor_1927_Francisco_Camba_La_novela_de_hoy.jpg\" class=\"attachment-full size-full wp-image-305\" alt=\"Lance_de_amor_1927_Francisco_Camba,_La_novela_de_hoy\" srcset=\"https:\/\/vilanova.travel\/casamuseoirmanscamba\/wp-content\/uploads\/2024\/09\/Lance_de_amor_1927_Francisco_Camba_La_novela_de_hoy.jpg 640w, https:\/\/vilanova.travel\/casamuseoirmanscamba\/wp-content\/uploads\/2024\/09\/Lance_de_amor_1927_Francisco_Camba_La_novela_de_hoy-211x300.jpg 211w\" sizes=\"(max-width: 640px) 100vw, 640px\" \/>\t\t\t\t\t\t\t\t\t\t\t\t\t\t\t<\/div>\n\t\t\t\t<\/div>\n\t\t\t\t<\/div>\n\t\t\t\t<\/div>\n\t\t\t\t<\/div>\n\t\t","protected":false},"excerpt":{"rendered":"<p>Francisco Camba Childhood Born in 1882, Francisco (Paco) Camba showed his devotion to literature from a very young age. In 1898, he qualified as a Teacher and one of his first destinations was Portomar\u00edn. He took advantage of his stay in this town to contribute to different media outlets of that time such as La&hellip;&nbsp;<a href=\"https:\/\/vilanova.travel\/casamuseoirmanscamba\/en\/francisco-camba-3\/\" rel=\"bookmark\">Leer m\u00e1s &raquo;<span class=\"screen-reader-text\">Francisco Camba<\/span><\/a><\/p>\n","protected":false},"author":1,"featured_media":0,"parent":0,"menu_order":0,"comment_status":"closed","ping_status":"closed","template":"elementor_header_footer","meta":{"inline_featured_image":false,"neve_meta_sidebar":"","neve_meta_container":"","neve_meta_enable_content_width":"","neve_meta_content_width":0,"neve_meta_title_alignment":"","neve_meta_author_avatar":"","neve_post_elements_order":"","neve_meta_disable_header":"","neve_meta_disable_footer":"","neve_meta_disable_title":"","footnotes":""},"class_list":["post-903","page","type-page","status-publish","hentry"],"_links":{"self":[{"href":"https:\/\/vilanova.travel\/casamuseoirmanscamba\/wp-json\/wp\/v2\/pages\/903","targetHints":{"allow":["GET"]}}],"collection":[{"href":"https:\/\/vilanova.travel\/casamuseoirmanscamba\/wp-json\/wp\/v2\/pages"}],"about":[{"href":"https:\/\/vilanova.travel\/casamuseoirmanscamba\/wp-json\/wp\/v2\/types\/page"}],"author":[{"embeddable":true,"href":"https:\/\/vilanova.travel\/casamuseoirmanscamba\/wp-json\/wp\/v2\/users\/1"}],"replies":[{"embeddable":true,"href":"https:\/\/vilanova.travel\/casamuseoirmanscamba\/wp-json\/wp\/v2\/comments?post=903"}],"version-history":[{"count":4,"href":"https:\/\/vilanova.travel\/casamuseoirmanscamba\/wp-json\/wp\/v2\/pages\/903\/revisions"}],"predecessor-version":[{"id":907,"href":"https:\/\/vilanova.travel\/casamuseoirmanscamba\/wp-json\/wp\/v2\/pages\/903\/revisions\/907"}],"wp:attachment":[{"href":"https:\/\/vilanova.travel\/casamuseoirmanscamba\/wp-json\/wp\/v2\/media?parent=903"}],"curies":[{"name":"wp","href":"https:\/\/api.w.org\/{rel}","templated":true}]}}