{"id":672,"date":"2024-11-13T15:33:27","date_gmt":"2024-11-13T13:33:27","guid":{"rendered":"https:\/\/vilanova.travel\/casamuseoirmanscamba\/?page_id=672"},"modified":"2026-03-05T13:31:15","modified_gmt":"2026-03-05T11:31:15","slug":"politica-de-cookies-2","status":"publish","type":"page","link":"https:\/\/vilanova.travel\/casamuseoirmanscamba\/gl\/politica-de-cookies-2\/","title":{"rendered":"Pol\u00edtica de cookies"},"content":{"rendered":"\t\t<div data-elementor-type=\"wp-page\" data-elementor-id=\"672\" class=\"elementor elementor-672\">\n\t\t\t\t<div class=\"elementor-element elementor-element-9586247 e-con-full e-flex e-con e-parent\" data-id=\"9586247\" data-element_type=\"container\" data-e-type=\"container\">\n\t\t\t\t<div class=\"elementor-element elementor-element-2785d7b elementor-widget elementor-widget-heading\" data-id=\"2785d7b\" data-element_type=\"widget\" data-e-type=\"widget\" data-widget_type=\"heading.default\">\n\t\t\t\t<div class=\"elementor-widget-container\">\n\t\t\t\t\t<h2 class=\"elementor-heading-title elementor-size-default\">Pol\u00edtica de cookies<\/h2>\t\t\t\t<\/div>\n\t\t\t\t<\/div>\n\t\t\t\t<div class=\"elementor-element elementor-element-e009b0b tablapol elementor-widget elementor-widget-text-editor\" data-id=\"e009b0b\" data-element_type=\"widget\" data-e-type=\"widget\" data-widget_type=\"text-editor.default\">\n\t\t\t\t<div class=\"elementor-widget-container\">\n\t\t\t\t\t\t\t\t\t<p><strong>1. Informaci\u00f3n b\u00e1sica sobre as cookies\u00a0<\/strong><\/p><ul><li><u>O que o usuario debe saber sobre as Cookies<\/u><\/li><\/ul><p>As cookies (galletas) son pequenos arquivos que gardan informaci\u00f3n nos dispositivos dos Usuarios que usan a nosa Web.<\/p><p>As cookies as\u00f3cianse co navegador dun ordenador ou dispositivo determinado. Gracias a elas, resulta posible que o CONCELLO DE VILANOVA DE AROUSA reco\u00f1eza os navegadores dos Usuarios; tam\u00e9n serven para determinar as preferencias do usuario de navegaci\u00f3n e, a partir dela, avaliar as preferencias do usuario pudendo usalas como indicadores, todo elo para mellorar a nosa oferta de servizos.<\/p><ul><li><u>A aceptaci\u00f3n das cookies no CONCELLO DE VILANOVA DE AROUSA<\/u>:<\/li><\/ul><p>A Lei 34\/2002, de 11 de xullo, de Sociedade da Informaci\u00f3n e Comercio Electr\u00f3nico (en adiante, LSSI) en relaci\u00f3n coas cookies esixe que os nosos Usuarios sexan informados con car\u00e1cter previo \u00e1 experiencia de navegaci\u00f3n na plataforma sobre o uso, tipo e finalidade das cookies. Esa \u00e9 a raz\u00f3n pola que se implementou un aviso informativo que se desprega unha vez que o usuario accede a nosa Web, informando de maneira previa, e dando a opci\u00f3n de que o usuario escolla as cookies que desexa permitir e as acepte expresamente, cumprindo as\u00ed cos criterios establecidos polo Comit\u00e9 Europeo de Protecci\u00f3n de Datos e a <a href=\"https:\/\/www.aepd.es\/sites\/default\/files\/2020-07\/guia-cookies.pdf\">Gu\u00eda sobre o uso de cookies publicada pola AEPD en xullo 2020<\/a>.<\/p><p><strong>2. Informaci\u00f3n detallada sobre as cookies\u00a0<\/strong><\/p><ul><li><strong><u>Cookies t\u00e9cnicas ou funcionais<\/u><\/strong>: son aquelas que permiten ao usuario a navegaci\u00f3n a trav\u00e9s dunha p\u00e1xina web,\u00a0 plataforma ou aplicaci\u00f3n e a utilizaci\u00f3n das diferentes opci\u00f3ns ou servizos que nela existan,\u00a0 inclu\u00edndo aquelas que o editor utiliza para permitir a xesti\u00f3n e operativa da p\u00e1xina web e habilitar\u00a0 as s\u00faas funci\u00f3ns e servizos, como, por exemplo, controlar o tr\u00e1fico e a comunicaci\u00f3n de datos, identificar a\u00a0 sesi\u00f3n, acceder a partes de acceso restrinxido, lembrar os elementos que integran un pedido, realizar o proceso de compra de\u00a0 un pedido,\u00a0 xestionar o pago, controlar a fraude vinculada \u00e1 seguridade do\u00a0\u00a0 servizo,\u00a0 realizar\u00a0 a\u00a0 solicitude de inscrici\u00f3n ou participaci\u00f3n nun evento,\u00a0 contar visitas a efectos da\u00a0 facturaci\u00f3n de licenzas do software co que funciona o servizo (sitio web, plataforma ou aplicaci\u00f3n), utilizar elementos de seguridade durante a navegaci\u00f3n, almacenar contidos para a difusi\u00f3n de v\u00eddeos ou son, habilita contidos din\u00e1micos (por exemplo, animaci\u00f3n de carga dun texto ou imaxe) ou compartir contidos a trav\u00e9s de redes sociais.<\/li><\/ul><p>Tam\u00e9n pertencen a esta categor\u00eda, pola s\u00faa natureza t\u00e9cnica, aquelas cookies que permiten a xesti\u00f3n, da forma m\u00e1is eficaz posible, dos espazos publicitarios que, como un elemento m\u00e1is de dese\u00f1o ou \u201cmaquetaci\u00f3n\u201d do servizo ofrecido ao usuario, o editor inclu\u00edse nunha p\u00e1xina web, aplicaci\u00f3n ou plataforma en base a criterios como o contido editado, sen que se recompile informaci\u00f3n dos usuarios con fins distintos, como pode ser personalizar ese contido publicitario ou outros contidos.<\/p><p><em>As cookies t\u00e9cnicas estar\u00e1n exceptuadas do cumprimento das obrigaci\u00f3ns establecidas no artigo 22.2 da LSSI cando permitan prestar o servizo solicitado polo usuario, como ocorre no caso das cookies enumeradas nos par\u00e1grafos anteriores. Con todo, se estas cookies util\u00edzanse tam\u00e9n para finalidades non exentas (por exemplo, para fins publicitarios comportamentais), quedar\u00e1n suxeitas \u00e1s devanditas obrigaci\u00f3ns.<\/em><\/p><ul><li><strong><u>Cookies de preferencias ou personalizaci\u00f3n<\/u><\/strong>: son aquelas que permiten lembrar a informaci\u00f3n para que o usuario acceda ao servizo con determinadas caracter\u00edsticas que poden diferenciar a s\u00faa experiencia da doutros usuarios, como, por exemplo, o idioma, o n\u00famero de resultados a mostrar cando o usuario realiza unha procura, o aspecto ou contido do servizo en funci\u00f3n do tipo de navegador a trav\u00e9s do cal o usuario accede ao servizo ou da rexi\u00f3n desde a que accede ao servizo, etc.<\/li><\/ul><p><em>*Se \u00e9 o propio usuario quen elixe esas caracter\u00edsticas (por exemplo, se selecciona o idioma dun sitio web clicando na icona da bandeira do pa\u00eds correspondente), as cookies estar\u00e1n exceptuadas das obrigaci\u00f3ns do artigo 22.2 da LSSI por considerarse un servizo expresamente solicitado polo usuario, e iso a condici\u00f3n de que as cookies obedezan exclusivamente \u00e1 finalidade seleccionada.<\/em><\/p><ul><li><strong><u>Cookies de an\u00e1lise ou medici\u00f3n<\/u><\/strong>: son aquelas que permiten ao responsable das mesmas o seguimento e an\u00e1lise do comportamento dos usuarios dos sitios web aos que est\u00e1n vinculadas, inclu\u00edda a cuantificaci\u00f3n dos impactos dos anuncios. A informaci\u00f3n recollida mediante este tipo de cookies util\u00edzase na medici\u00f3n da actividade dos sitios web, aplicaci\u00f3n ou plataforma, co fin de introducir melloras en funci\u00f3n da an\u00e1lise dos datos de uso que fan os usuarios do servizo.<\/li><\/ul><p><em>*Este tipo de cookies, a pesar de que non estean exentas do deber de obter un consentimento informado para o seu uso, o GT29 manifestou que \u00e9 pouco probable que representen un risco para a privacidade dos usuarios sempre que se trata de primeira parte, que traten datos agregados cunha finalidade estritamente estat\u00edstica, que se facilite a informaci\u00f3n sobre os seus usos e incl\u00faase a posibilidade de que os usuarios manifesten a s\u00faa negativa sobre a s\u00faa utilizaci\u00f3n.<\/em><\/p><ul><li><strong><u>Cookie de publicidade comportamental<\/u><\/strong>: son aquelas que almacenan informaci\u00f3n do comportamento dos usuarios obtida a trav\u00e9s da observaci\u00f3n continuada dos seus h\u00e1bitos de navegaci\u00f3n, o que permite desenvolver un perfil espec\u00edfico para mostrar publicidade de funci\u00f3n do mesmo.<\/li><\/ul><ul><li><u>As cookies que utilizamos no CONCELLO DE VILANOVA DE AROUSA<\/u><\/li><\/ul><p>Na t\u00e1boa que aparece a continuaci\u00f3n incl\u00faense os detalles, finalidade, o tipo e as clases de cookies que implementamos na nosa plataforma. Para a s\u00faa comprensi\u00f3n, detallamos a continuaci\u00f3n os tipos de cookies que poden ser utilizadas se o usuario d\u00e1nos o seu consentimento:<\/p><div style=\"overflow-x: auto;\"><table width=\"0\"><tbody><tr><td width=\"124\"><strong>Nome\u00a0<\/strong><\/td><td width=\"115\"><strong>Dominio\u00a0<\/strong><\/td><td width=\"179\"><strong>Obxetivo\/Finalidade\u00a0<\/strong><\/td><td width=\"65\"><strong>Duraci\u00f3n\u00a0<\/strong><\/td><td width=\"233\"><strong>Tipo (propias\/terceiros)\u00a0<\/strong><\/td><\/tr><tr><td width=\"124\">\u00a0Google Analytics<\/td><td width=\"115\">\u00a0analytics.google.com<\/td><td width=\"179\">\u00a0Anal\u00edtica<\/td><td width=\"65\">\u00a030 d\u00edas<\/td><td width=\"233\">\u00a0Terceiros<\/td><\/tr><tr><td width=\"124\">_ga_RYD9S3ZR4D<\/td><td width=\"115\">.vilanova.travel<\/td><td width=\"179\">Anal\u00edtica<\/td><td width=\"65\">1 a\u00f1o<\/td><td width=\"233\">Terceros<\/td><\/tr><tr><td width=\"124\">_ga_Q9S3ZPGQER<\/td><td width=\"115\">.vilanova.travel<\/td><td width=\"179\">Anal\u00edtica<\/td><td width=\"65\">1 a\u00f1o<\/td><td width=\"233\">Terceros<\/td><\/tr><tr><td width=\"124\">_ga_DGFDNZZP4G<\/td><td width=\"115\">.vilanova.travel<\/td><td width=\"179\">Anal\u00edtica<\/td><td width=\"65\">1 a\u00f1o<\/td><td width=\"233\">Terceros<\/td><\/tr><tr><td width=\"124\">_ga<\/td><td width=\"115\">.vilanova.travel<\/td><td width=\"179\">Anal\u00edtica<\/td><td width=\"65\">1 ano<\/td><td width=\"233\">Terceiros<\/td><\/tr><tr><td width=\"124\">PHPSESSID<\/td><td width=\"115\">.vilanova.travel<\/td><td width=\"179\">Funcional<\/td><td width=\"65\">Sesi\u00f3n<\/td><td width=\"233\">Terceiros<\/td><\/tr><tr><td width=\"124\">wordpress_test_cookie<\/td><td width=\"115\">.vilanova.travel<\/td><td width=\"179\">Funcional<\/td><td width=\"65\">Sesi\u00f3n<\/td><td width=\"233\">Terceiros<\/td><\/tr><tr><td width=\"124\">pll_language<\/td><td width=\"115\">.vilanova.travel<\/td><td width=\"179\">Funcional<\/td><td width=\"65\">1 ano<\/td><td width=\"233\">Terceiros<\/td><\/tr><tr><td width=\"124\">cmplz_banner-status<\/td><td width=\"115\">.vilanova.travel<\/td><td width=\"179\">Funcional<\/td><td width=\"65\">1 ano<\/td><td width=\"233\">Terceiros<\/td><\/tr><tr><td width=\"124\">cmplz_consented_services<\/td><td width=\"115\">.vilanova.travel<\/td><td width=\"179\">Funcional<\/td><td width=\"65\">1 ano<\/td><td width=\"233\">Terceiros<\/td><\/tr><tr><td width=\"124\">cmplz_functional<\/td><td width=\"115\">.vilanova.travel<\/td><td width=\"179\">Funcional<\/td><td width=\"65\">1 ano<\/td><td width=\"233\">Terceiros<\/td><\/tr><tr><td width=\"124\">cmplz_marketing<\/td><td width=\"115\">.vilanova.travel<\/td><td width=\"179\">Funcional<\/td><td width=\"65\">1 ano<\/td><td width=\"233\">Terceiros<\/td><\/tr><tr><td width=\"124\">cmplz_policy_id<\/td><td width=\"115\">.vilanova.travel<\/td><td width=\"179\">Funcional<\/td><td width=\"65\">1 ano<\/td><td width=\"233\">Terceiros<\/td><\/tr><tr><td width=\"124\">cmplz_preferences<\/td><td width=\"115\">.vilanova.travel<\/td><td width=\"179\">Funcional<\/td><td width=\"65\">1 ano<\/td><td width=\"233\">Terceiros<\/td><\/tr><tr><td width=\"124\">cmplz_statistics<\/td><td width=\"115\">.vilanova.travel<\/td><td width=\"179\">Funcional<\/td><td width=\"65\">1 ano<\/td><td width=\"233\">Terceiros<\/td><\/tr><\/tbody><\/table><\/div><p><strong>3. Como desinstalar as cookies?\u00a0<\/strong><\/p><p>Se un usuario desexa desinstalar as cookies utilizadas en <a href=\"https:\/\/vilanova.travel\/casamuseoirmanscamba\"><strong>https:\/\/vilanova.travel\/casamuseoirmanscamba<\/strong><\/a> do seu navegador, a continuaci\u00f3n, lle deixamos as instruci\u00f3ns para distintos navegadores:<\/p><ul><li>Para m\u00e1is informaci\u00f3n sobre Internet Explorer pulse\u202f<a href=\"http:\/\/windows.microsoft.com\/es-xl\/internet-explorer\/delete-manage-cookies#ie=%22ie-10%22\"><strong>aqu\u00ed<\/strong><\/a>.<\/li><\/ul><ul><li>Para m\u00e1is informaci\u00f3n sobre Microsoft Edge pulse\u202f<a href=\"https:\/\/privacy.microsoft.com\/es-es\/windows-10-microsoft-edge-and-privacy\"><strong>aqu\u00ed<\/strong><\/a>.<\/li><\/ul><ul><li>Para m\u00e1is informaci\u00f3n sobre Firefox pulse\u202f<a href=\"http:\/\/support.mozilla.org\/es\/kb\/Borrar%20cookies\"><strong>aqu\u00ed<\/strong><\/a>.<\/li><\/ul><ul><li>Para m\u00e1is informaci\u00f3n sobre Chrome pulse\u202f<a href=\"http:\/\/support.google.com\/chrome\/answer\/95647?hl=%22es%22\"><strong>aqu\u00ed<\/strong><\/a>.<\/li><\/ul><ul><li>Para m\u00e1s informaci\u00f3n sobre Safari pulse\u202f<a href=\"http:\/\/www.apple.com\/es\/privacy\/use-of-cookies\/\"><strong>aqu\u00ed<\/strong><\/a>.<\/li><\/ul><p><strong>4. MODIFICACI\u00d3NS NO TEXTO LEGAL\u00a0<\/strong><\/p><p>CONCELLO DE VILANOVA DE AROUSA poder\u00e1 modificar este texto legal #de acordo con a lexislaci\u00f3n aplicable en cada momento. En todo caso, calquera modificaci\u00f3n considerable que afecte o uso da p\u00e1xina web do Aviso legal, a Pol\u00edtica de Privacidade e Cookies, seralle debidamente notificada ao usuario para que, quede informado dos cambios realizados no tratamento dos seus datos persoais e, no caso de que a normativa aplicable as\u00ed o esixa, o usuario poida outorgar o seu consentimento.<\/p><p><strong>5. NORMATIVA E XURISDICCI\u00d3N\u00a0<\/strong><\/p><p>Os nosos textos legais r\u00e9xense pola lei espa\u00f1ola. Estes textos permanecer\u00e1n accesibles para os usuarios en todo momento desde a nosa p\u00e1xina web.<\/p><p>Se as partes non acordasen someterse a mediaci\u00f3n ou arbitraxe previamente, no presente aviso legal establ\u00e9cese o acordo de someterse aos Xulgados e Tribunais de CIUDAD renunciando expresamente a calquera outra xurisdici\u00f3n.<\/p><p><em>\u00daltima modificaci\u00f3n: 11 de xaneiro de 2023.<\/em><\/p>\t\t\t\t\t\t\t\t<\/div>\n\t\t\t\t<\/div>\n\t\t\t\t<\/div>\n\t\t\t\t<\/div>\n\t\t","protected":false},"excerpt":{"rendered":"<p>Pol\u00edtica de cookies 1. Informaci\u00f3n b\u00e1sica sobre as cookies\u00a0 O que o usuario debe saber sobre as Cookies As cookies (galletas) son pequenos arquivos que gardan informaci\u00f3n nos dispositivos dos Usuarios que usan a nosa Web. As cookies as\u00f3cianse co navegador dun ordenador ou dispositivo determinado. Gracias a elas, resulta posible que o CONCELLO DE&hellip;&nbsp;<a href=\"https:\/\/vilanova.travel\/casamuseoirmanscamba\/gl\/politica-de-cookies-2\/\" rel=\"bookmark\">Leer m\u00e1s &raquo;<span class=\"screen-reader-text\">Pol\u00edtica de cookies<\/span><\/a><\/p>\n","protected":false},"author":1,"featured_media":0,"parent":0,"menu_order":0,"comment_status":"closed","ping_status":"closed","template":"elementor_header_footer","meta":{"inline_featured_image":false,"neve_meta_sidebar":"","neve_meta_container":"","neve_meta_enable_content_width":"","neve_meta_content_width":0,"neve_meta_title_alignment":"","neve_meta_author_avatar":"","neve_post_elements_order":"","neve_meta_disable_header":"","neve_meta_disable_footer":"","neve_meta_disable_title":"","footnotes":""},"class_list":["post-672","page","type-page","status-publish","hentry"],"_links":{"self":[{"href":"https:\/\/vilanova.travel\/casamuseoirmanscamba\/wp-json\/wp\/v2\/pages\/672","targetHints":{"allow":["GET"]}}],"collection":[{"href":"https:\/\/vilanova.travel\/casamuseoirmanscamba\/wp-json\/wp\/v2\/pages"}],"about":[{"href":"https:\/\/vilanova.travel\/casamuseoirmanscamba\/wp-json\/wp\/v2\/types\/page"}],"author":[{"embeddable":true,"href":"https:\/\/vilanova.travel\/casamuseoirmanscamba\/wp-json\/wp\/v2\/users\/1"}],"replies":[{"embeddable":true,"href":"https:\/\/vilanova.travel\/casamuseoirmanscamba\/wp-json\/wp\/v2\/comments?post=672"}],"version-history":[{"count":19,"href":"https:\/\/vilanova.travel\/casamuseoirmanscamba\/wp-json\/wp\/v2\/pages\/672\/revisions"}],"predecessor-version":[{"id":1056,"href":"https:\/\/vilanova.travel\/casamuseoirmanscamba\/wp-json\/wp\/v2\/pages\/672\/revisions\/1056"}],"wp:attachment":[{"href":"https:\/\/vilanova.travel\/casamuseoirmanscamba\/wp-json\/wp\/v2\/media?parent=672"}],"curies":[{"name":"wp","href":"https:\/\/api.w.org\/{rel}","templated":true}]}}