{"id":181,"date":"2024-09-18T11:34:31","date_gmt":"2024-09-18T09:34:31","guid":{"rendered":"https:\/\/vilanova.travel\/casamuseoirmanscamba\/?page_id=181"},"modified":"2024-11-04T13:00:27","modified_gmt":"2024-11-04T11:00:27","slug":"francisco-camba","status":"publish","type":"page","link":"https:\/\/vilanova.travel\/casamuseoirmanscamba\/francisco-camba\/","title":{"rendered":"Francisco Camba"},"content":{"rendered":"\t\t<div data-elementor-type=\"wp-page\" data-elementor-id=\"181\" class=\"elementor elementor-181\">\n\t\t\t\t<div class=\"elementor-element elementor-element-a844eec e-con-full e-flex e-con e-parent\" data-id=\"a844eec\" data-element_type=\"container\" data-e-type=\"container\">\n\t\t\t\t<div class=\"elementor-element elementor-element-bf8f6c8 elementor-widget elementor-widget-image\" data-id=\"bf8f6c8\" data-element_type=\"widget\" data-e-type=\"widget\" data-widget_type=\"image.default\">\n\t\t\t\t<div class=\"elementor-widget-container\">\n\t\t\t\t\t\t\t\t\t\t\t\t\t\t\t<img fetchpriority=\"high\" decoding=\"async\" width=\"1728\" height=\"320\" src=\"https:\/\/vilanova.travel\/casamuseoirmanscamba\/wp-content\/uploads\/2024\/09\/cabecera-francisco-camba.jpeg\" class=\"attachment-full size-full wp-image-293\" alt=\"cabecera francisco camba\" srcset=\"https:\/\/vilanova.travel\/casamuseoirmanscamba\/wp-content\/uploads\/2024\/09\/cabecera-francisco-camba.jpeg 1728w, https:\/\/vilanova.travel\/casamuseoirmanscamba\/wp-content\/uploads\/2024\/09\/cabecera-francisco-camba-300x56.jpeg 300w, https:\/\/vilanova.travel\/casamuseoirmanscamba\/wp-content\/uploads\/2024\/09\/cabecera-francisco-camba-1024x190.jpeg 1024w, https:\/\/vilanova.travel\/casamuseoirmanscamba\/wp-content\/uploads\/2024\/09\/cabecera-francisco-camba-768x142.jpeg 768w, https:\/\/vilanova.travel\/casamuseoirmanscamba\/wp-content\/uploads\/2024\/09\/cabecera-francisco-camba-1536x284.jpeg 1536w\" sizes=\"(max-width: 1728px) 100vw, 1728px\" \/>\t\t\t\t\t\t\t\t\t\t\t\t\t\t\t<\/div>\n\t\t\t\t<\/div>\n\t\t\t\t<\/div>\n\t\t<div class=\"elementor-element elementor-element-c53c963 e-con-full e-flex e-con e-parent\" data-id=\"c53c963\" data-element_type=\"container\" data-e-type=\"container\">\n\t\t\t\t<div class=\"elementor-element elementor-element-456e494 elementor-widget elementor-widget-heading\" data-id=\"456e494\" data-element_type=\"widget\" data-e-type=\"widget\" data-widget_type=\"heading.default\">\n\t\t\t\t<div class=\"elementor-widget-container\">\n\t\t\t\t\t<h1 class=\"elementor-heading-title elementor-size-default\">Francisco Camba<\/h1>\t\t\t\t<\/div>\n\t\t\t\t<\/div>\n\t\t\t\t<\/div>\n\t\t<div class=\"elementor-element elementor-element-b420640 e-con-full elementor-hidden-mobile e-flex e-con e-parent\" data-id=\"b420640\" data-element_type=\"container\" data-e-type=\"container\">\n\t\t<div class=\"elementor-element elementor-element-3441ed5 e-con-full e-flex e-con e-child\" data-id=\"3441ed5\" data-element_type=\"container\" data-e-type=\"container\" data-settings=\"{&quot;background_background&quot;:&quot;classic&quot;}\">\n\t\t\t\t<div class=\"elementor-element elementor-element-8c76597 elementor-widget elementor-widget-image\" data-id=\"8c76597\" data-element_type=\"widget\" data-e-type=\"widget\" data-widget_type=\"image.default\">\n\t\t\t\t<div class=\"elementor-widget-container\">\n\t\t\t\t\t\t\t\t\t\t\t\t\t\t\t<img decoding=\"async\" width=\"640\" height=\"426\" src=\"https:\/\/vilanova.travel\/casamuseoirmanscamba\/wp-content\/uploads\/2024\/09\/Vilanova_03-07b_Casa_Museo_Irma\u2560uns_Camba.jpg\" class=\"attachment-full size-full wp-image-297\" alt=\"Vilanova_03-07b_Casa_Museo_Irma\u2560\u00fcns_Camba\" srcset=\"https:\/\/vilanova.travel\/casamuseoirmanscamba\/wp-content\/uploads\/2024\/09\/Vilanova_03-07b_Casa_Museo_Irma\u2560uns_Camba.jpg 640w, https:\/\/vilanova.travel\/casamuseoirmanscamba\/wp-content\/uploads\/2024\/09\/Vilanova_03-07b_Casa_Museo_Irma\u2560uns_Camba-300x200.jpg 300w\" sizes=\"(max-width: 640px) 100vw, 640px\" \/>\t\t\t\t\t\t\t\t\t\t\t\t\t\t\t<\/div>\n\t\t\t\t<\/div>\n\t\t\t\t<\/div>\n\t\t<div class=\"elementor-element elementor-element-8579960 e-con-full e-flex e-con e-child\" data-id=\"8579960\" data-element_type=\"container\" data-e-type=\"container\">\n\t\t\t\t<div class=\"elementor-element elementor-element-359e6ae elementor-widget elementor-widget-heading\" data-id=\"359e6ae\" data-element_type=\"widget\" data-e-type=\"widget\" data-widget_type=\"heading.default\">\n\t\t\t\t<div class=\"elementor-widget-container\">\n\t\t\t\t\t<h3 class=\"elementor-heading-title elementor-size-default\">Infancia<\/h3>\t\t\t\t<\/div>\n\t\t\t\t<\/div>\n\t\t\t\t<div class=\"elementor-element elementor-element-b69edc5 elementor-widget elementor-widget-text-editor\" data-id=\"b69edc5\" data-element_type=\"widget\" data-e-type=\"widget\" data-widget_type=\"text-editor.default\">\n\t\t\t\t<div class=\"elementor-widget-container\">\n\t\t\t\t\t\t\t\t\t<p><strong>Nacido en el a\u00f1o 1882<\/strong>, Francisco (<em>Paco<\/em>) Camba mostr\u00f3 desde muy peque\u00f1o su devoci\u00f3n por las letras. En 1898, <strong>sac\u00f3 el t\u00edtulo de Maestro<\/strong> y uno de sus primeros destinos fue Portomar\u00edn. Aprovech\u00f3 su estancia en esta localidad para <strong>colaborar con distintos medios de la \u00e9poca<\/strong> como <em>La Idea moderna <\/em>o<em> El Lucense<\/em>. Tras recorrer otros destinos, finalmente decidi\u00f3 trasladarse a Madrid para <strong>seguir su vocaci\u00f3n de novelista<\/strong>, carrera que hab\u00eda comenzado en 1900.<\/p>\t\t\t\t\t\t\t\t<\/div>\n\t\t\t\t<\/div>\n\t\t\t\t<\/div>\n\t\t\t\t<\/div>\n\t\t<div class=\"elementor-element elementor-element-b9665dc e-con-full elementor-hidden-desktop elementor-hidden-tablet e-flex e-con e-parent\" data-id=\"b9665dc\" data-element_type=\"container\" data-e-type=\"container\">\n\t\t<div class=\"elementor-element elementor-element-1c1a567 e-con-full e-flex e-con e-child\" data-id=\"1c1a567\" data-element_type=\"container\" data-e-type=\"container\">\n\t\t\t\t<div class=\"elementor-element elementor-element-1025fe5 elementor-widget elementor-widget-heading\" data-id=\"1025fe5\" data-element_type=\"widget\" data-e-type=\"widget\" data-widget_type=\"heading.default\">\n\t\t\t\t<div class=\"elementor-widget-container\">\n\t\t\t\t\t<h3 class=\"elementor-heading-title elementor-size-default\">Infancia<\/h3>\t\t\t\t<\/div>\n\t\t\t\t<\/div>\n\t\t\t\t<div class=\"elementor-element elementor-element-386e524 elementor-widget elementor-widget-text-editor\" data-id=\"386e524\" data-element_type=\"widget\" data-e-type=\"widget\" data-widget_type=\"text-editor.default\">\n\t\t\t\t<div class=\"elementor-widget-container\">\n\t\t\t\t\t\t\t\t\t<p><strong>Nacido en el a\u00f1o 1882<\/strong>, Francisco (<em>Paco<\/em>) Camba mostr\u00f3 desde muy peque\u00f1o su devoci\u00f3n por las letras. En 1898, <strong>sac\u00f3 el t\u00edtulo de Maestro<\/strong> y uno de sus primeros destinos fue Portomar\u00edn. Aprovech\u00f3 su estancia en esta localidad para <strong>colaborar con distintos medios de la \u00e9poca<\/strong> como <em>La Idea moderna <\/em>o<em> El Lucense<\/em>. Tras recorrer otros destinos, finalmente decidi\u00f3 trasladarse a Madrid para <strong>seguir su vocaci\u00f3n de novelista<\/strong>, carrera que hab\u00eda comenzado en 1900.<\/p>\t\t\t\t\t\t\t\t<\/div>\n\t\t\t\t<\/div>\n\t\t\t\t<\/div>\n\t\t<div class=\"elementor-element elementor-element-3a54fa8 e-con-full e-flex e-con e-child\" data-id=\"3a54fa8\" data-element_type=\"container\" data-e-type=\"container\" data-settings=\"{&quot;background_background&quot;:&quot;classic&quot;}\">\n\t\t\t\t<div class=\"elementor-element elementor-element-1df3aa5 elementor-hidden-desktop elementor-hidden-tablet elementor-widget elementor-widget-image\" data-id=\"1df3aa5\" data-element_type=\"widget\" data-e-type=\"widget\" data-widget_type=\"image.default\">\n\t\t\t\t<div class=\"elementor-widget-container\">\n\t\t\t\t\t\t\t\t\t\t\t\t\t\t\t<img decoding=\"async\" width=\"640\" height=\"426\" src=\"https:\/\/vilanova.travel\/casamuseoirmanscamba\/wp-content\/uploads\/2024\/09\/Vilanova_03-07b_Casa_Museo_Irma\u2560uns_Camba.jpg\" class=\"attachment-full size-full wp-image-297\" alt=\"Vilanova_03-07b_Casa_Museo_Irma\u2560\u00fcns_Camba\" srcset=\"https:\/\/vilanova.travel\/casamuseoirmanscamba\/wp-content\/uploads\/2024\/09\/Vilanova_03-07b_Casa_Museo_Irma\u2560uns_Camba.jpg 640w, https:\/\/vilanova.travel\/casamuseoirmanscamba\/wp-content\/uploads\/2024\/09\/Vilanova_03-07b_Casa_Museo_Irma\u2560uns_Camba-300x200.jpg 300w\" sizes=\"(max-width: 640px) 100vw, 640px\" \/>\t\t\t\t\t\t\t\t\t\t\t\t\t\t\t<\/div>\n\t\t\t\t<\/div>\n\t\t\t\t<\/div>\n\t\t\t\t<\/div>\n\t\t<div class=\"elementor-element elementor-element-3221f37 e-con-full e-flex e-con e-parent\" data-id=\"3221f37\" data-element_type=\"container\" data-e-type=\"container\" data-settings=\"{&quot;background_background&quot;:&quot;classic&quot;}\">\n\t\t<div class=\"elementor-element elementor-element-78425a8 e-con-full e-flex e-con e-child\" data-id=\"78425a8\" data-element_type=\"container\" data-e-type=\"container\">\n\t\t\t\t<div class=\"elementor-element elementor-element-7d9ab7f elementor-widget elementor-widget-heading\" data-id=\"7d9ab7f\" data-element_type=\"widget\" data-e-type=\"widget\" data-widget_type=\"heading.default\">\n\t\t\t\t<div class=\"elementor-widget-container\">\n\t\t\t\t\t<h3 class=\"elementor-heading-title elementor-size-default\">Juventud y anarquismo\n<\/h3>\t\t\t\t<\/div>\n\t\t\t\t<\/div>\n\t\t\t\t<div class=\"elementor-element elementor-element-c5ece0c elementor-widget elementor-widget-text-editor\" data-id=\"c5ece0c\" data-element_type=\"widget\" data-e-type=\"widget\" data-widget_type=\"text-editor.default\">\n\t\t\t\t<div class=\"elementor-widget-container\">\n\t\t\t\t\t\t\t\t\t<p><strong>Se mud\u00f3 a la capital espa\u00f1ola en 1902<\/strong> y all\u00ed <strong>conoci\u00f3 a grandes intelectuales<\/strong> de la \u00e9poca, entre los que se encontraba el propio <strong>Valle-Incl\u00e1n<\/strong>. Camba colabor\u00f3 con distintos medios, destacando&nbsp;<em>El Imparcial<\/em>. <strong>Se hizo asiduo de las tertulias literarias<\/strong> que se desarrollaban en el <strong>Nuevo Caf\u00e9<\/strong> de Levante y la Horchater\u00eda de Candelas, donde conoci\u00f3 a autores como Rub\u00e9n Dar\u00edo o P\u00edo y Ricardo Baroja.<\/p>\n<p>Tras su paso por Buenos Aires, <strong>regres\u00f3 de nuevo a Madrid para continuar su labor literaria<\/strong>. Especialmente convulsa result\u00f3 la <strong>\u00e9poca de la Guerra Civil<\/strong>, que pas\u00f3 en la capital de Espa\u00f1a, y que le sirvi\u00f3 de aliciente para la creaci\u00f3n de nuevas obras.<\/p>\t\t\t\t\t\t\t\t<\/div>\n\t\t\t\t<\/div>\n\t\t\t\t<\/div>\n\t\t<div class=\"elementor-element elementor-element-e1b3627 e-con-full e-flex e-con e-child\" data-id=\"e1b3627\" data-element_type=\"container\" data-e-type=\"container\" data-settings=\"{&quot;background_background&quot;:&quot;classic&quot;}\">\n\t\t\t\t<div class=\"elementor-element elementor-element-ffebf78 elementor-widget elementor-widget-image\" data-id=\"ffebf78\" data-element_type=\"widget\" data-e-type=\"widget\" data-widget_type=\"image.default\">\n\t\t\t\t<div class=\"elementor-widget-container\">\n\t\t\t\t\t\t\t\t\t\t\t\t\t\t\t<img decoding=\"async\" width=\"640\" height=\"857\" src=\"https:\/\/vilanova.travel\/casamuseoirmanscamba\/wp-content\/uploads\/2024\/09\/1906-01-01-El-Heraldo-nuestros-colaboradores.jpg\" class=\"attachment-full size-full wp-image-301\" alt=\"1906-01-01-El-Heraldo-nuestros-colaboradores\" srcset=\"https:\/\/vilanova.travel\/casamuseoirmanscamba\/wp-content\/uploads\/2024\/09\/1906-01-01-El-Heraldo-nuestros-colaboradores.jpg 640w, https:\/\/vilanova.travel\/casamuseoirmanscamba\/wp-content\/uploads\/2024\/09\/1906-01-01-El-Heraldo-nuestros-colaboradores-224x300.jpg 224w\" sizes=\"(max-width: 640px) 100vw, 640px\" \/>\t\t\t\t\t\t\t\t\t\t\t\t\t\t\t<\/div>\n\t\t\t\t<\/div>\n\t\t\t\t<\/div>\n\t\t\t\t<\/div>\n\t\t<div class=\"elementor-element elementor-element-23bc998 e-con-full elementor-hidden-mobile e-flex e-con e-parent\" data-id=\"23bc998\" data-element_type=\"container\" data-e-type=\"container\">\n\t\t<div class=\"elementor-element elementor-element-009c48f e-con-full e-flex e-con e-child\" data-id=\"009c48f\" data-element_type=\"container\" data-e-type=\"container\" data-settings=\"{&quot;background_background&quot;:&quot;classic&quot;}\">\n\t\t\t\t<div class=\"elementor-element elementor-element-1190216 elementor-widget elementor-widget-image\" data-id=\"1190216\" data-element_type=\"widget\" data-e-type=\"widget\" data-widget_type=\"image.default\">\n\t\t\t\t<div class=\"elementor-widget-container\">\n\t\t\t\t\t\t\t\t\t\t\t\t\t\t\t<img loading=\"lazy\" decoding=\"async\" width=\"640\" height=\"911\" src=\"https:\/\/vilanova.travel\/casamuseoirmanscamba\/wp-content\/uploads\/2024\/09\/Lance_de_amor_1927_Francisco_Camba_La_novela_de_hoy.jpg\" class=\"attachment-full size-full wp-image-305\" alt=\"Lance_de_amor_1927_Francisco_Camba,_La_novela_de_hoy\" srcset=\"https:\/\/vilanova.travel\/casamuseoirmanscamba\/wp-content\/uploads\/2024\/09\/Lance_de_amor_1927_Francisco_Camba_La_novela_de_hoy.jpg 640w, https:\/\/vilanova.travel\/casamuseoirmanscamba\/wp-content\/uploads\/2024\/09\/Lance_de_amor_1927_Francisco_Camba_La_novela_de_hoy-211x300.jpg 211w\" sizes=\"(max-width: 640px) 100vw, 640px\" \/>\t\t\t\t\t\t\t\t\t\t\t\t\t\t\t<\/div>\n\t\t\t\t<\/div>\n\t\t\t\t<\/div>\n\t\t<div class=\"elementor-element elementor-element-93c4894 e-con-full e-flex e-con e-child\" data-id=\"93c4894\" data-element_type=\"container\" data-e-type=\"container\">\n\t\t\t\t<div class=\"elementor-element elementor-element-b5a0139 elementor-widget elementor-widget-heading\" data-id=\"b5a0139\" data-element_type=\"widget\" data-e-type=\"widget\" data-widget_type=\"heading.default\">\n\t\t\t\t<div class=\"elementor-widget-container\">\n\t\t\t\t\t<h3 class=\"elementor-heading-title elementor-size-default\">Su obra<\/h3>\t\t\t\t<\/div>\n\t\t\t\t<\/div>\n\t\t\t\t<div class=\"elementor-element elementor-element-04da941 elementor-widget elementor-widget-text-editor\" data-id=\"04da941\" data-element_type=\"widget\" data-e-type=\"widget\" data-widget_type=\"text-editor.default\">\n\t\t\t\t<div class=\"elementor-widget-container\">\n\t\t\t\t\t\t\t\t\t<p><strong>Su obra se divide en varias etapas<\/strong>, de las cuales se pueden destacar dos. La primera de ellas se centra en la <strong>novela costumbrista<\/strong>, destacando la publicaci\u00f3n <em><strong>Los nietos de \u00cdcaro<\/strong>,<\/em> considerada <strong>la primera novela espa\u00f1ola sobre la aviaci\u00f3n<\/strong>. Tambi\u00e9n es remarcable la obra <strong><em>El vellocino de plata<\/em><\/strong>, centrada en la <strong>emigraci\u00f3n a Am\u00e9rica<\/strong>.<\/p><p>La segunda etapa se encuadra dentro del g\u00e9nero de <strong>novela hist\u00f3rica<\/strong>. En este caso, y <strong>fruto de su estancia en Madrid durante la Guerra Civil<\/strong>, destacan los <strong><em>Episodios Contempor\u00e1neos<\/em><\/strong>. Siguiendo un poco la estela de P\u00e9rez Gald\u00f3s, <strong>mezclaba en sus escritos la realidad vivida en esta etapa con la ficci\u00f3n.<\/strong> Mayor importancia tiene su <strong>novela autobiogr\u00e1fica <em>Madridgrado<\/em><\/strong> (1939), donde refleja sus vivencias durante la Guerra Civil.<\/p><p><strong>Las obras de Francisco Camba gozaron de gran acogida durante su \u00e9poca<\/strong>. Sin embargo, no llegaron de igual manera a la actualidad, como en el caso de las de su hermano, Julio Camba, cuyas publicaciones todav\u00eda siguen siendo referencia. <strong>Falleci\u00f3 en 1948 en Madrid, a los 65 a\u00f1os<\/strong>.<\/p>\t\t\t\t\t\t\t\t<\/div>\n\t\t\t\t<\/div>\n\t\t\t\t<\/div>\n\t\t\t\t<\/div>\n\t\t<div class=\"elementor-element elementor-element-a156f51 e-con-full elementor-hidden-desktop elementor-hidden-tablet e-flex e-con e-parent\" data-id=\"a156f51\" data-element_type=\"container\" data-e-type=\"container\">\n\t\t<div class=\"elementor-element elementor-element-5e95b98 e-con-full e-flex e-con e-child\" data-id=\"5e95b98\" data-element_type=\"container\" data-e-type=\"container\">\n\t\t\t\t<div class=\"elementor-element elementor-element-858a11f elementor-widget elementor-widget-heading\" data-id=\"858a11f\" data-element_type=\"widget\" data-e-type=\"widget\" data-widget_type=\"heading.default\">\n\t\t\t\t<div class=\"elementor-widget-container\">\n\t\t\t\t\t<h3 class=\"elementor-heading-title elementor-size-default\">Su obra<\/h3>\t\t\t\t<\/div>\n\t\t\t\t<\/div>\n\t\t\t\t<div class=\"elementor-element elementor-element-5db8c1b elementor-widget elementor-widget-text-editor\" data-id=\"5db8c1b\" data-element_type=\"widget\" data-e-type=\"widget\" data-widget_type=\"text-editor.default\">\n\t\t\t\t<div class=\"elementor-widget-container\">\n\t\t\t\t\t\t\t\t\t<p><strong>Su obra se divide en varias etapas<\/strong>, de las cuales se pueden destacar dos. La primera de ellas se centra en la <strong>novela costumbrista<\/strong>, destacando la publicaci\u00f3n <em><strong>Los nietos de \u00cdcaro<\/strong>,<\/em> considerada <strong>la primera novela espa\u00f1ola sobre la aviaci\u00f3n<\/strong>. Tambi\u00e9n es remarcable la obra <strong><em>El vellocino de plata<\/em><\/strong>, centrada en la <strong>emigraci\u00f3n a Am\u00e9rica<\/strong>.<\/p><p>La segunda etapa se encuadra dentro del g\u00e9nero de <strong>novela hist\u00f3rica<\/strong>. En este caso, y <strong>fruto de su estancia en Madrid durante la Guerra Civil<\/strong>, destacan los <strong><em>Episodios Contempor\u00e1neos<\/em><\/strong>. Siguiendo un poco la estela de P\u00e9rez Gald\u00f3s, <strong>mezclaba en sus escritos la realidad vivida en esta etapa con la ficci\u00f3n.<\/strong> Mayor importancia tiene su <strong>novela autobiogr\u00e1fica <em>Madridgrado<\/em><\/strong> (1939), donde refleja sus vivencias durante la Guerra Civil.<\/p><p><strong>Las obras de Francisco Camba gozaron de gran acogida durante su \u00e9poca<\/strong>. Sin embargo, no llegaron de igual manera a la actualidad, como en el caso de las de su hermano, Julio Camba, cuyas publicaciones todav\u00eda siguen siendo referencia. <strong>Falleci\u00f3 en 1948 en Madrid, a los 65 a\u00f1os<\/strong>.<\/p>\t\t\t\t\t\t\t\t<\/div>\n\t\t\t\t<\/div>\n\t\t\t\t<\/div>\n\t\t<div class=\"elementor-element elementor-element-ef03339 e-con-full e-flex e-con e-child\" data-id=\"ef03339\" data-element_type=\"container\" data-e-type=\"container\" data-settings=\"{&quot;background_background&quot;:&quot;classic&quot;}\">\n\t\t\t\t<div class=\"elementor-element elementor-element-583adb0 elementor-hidden-desktop elementor-hidden-tablet elementor-widget elementor-widget-image\" data-id=\"583adb0\" data-element_type=\"widget\" data-e-type=\"widget\" data-widget_type=\"image.default\">\n\t\t\t\t<div class=\"elementor-widget-container\">\n\t\t\t\t\t\t\t\t\t\t\t\t\t\t\t<img loading=\"lazy\" decoding=\"async\" width=\"640\" height=\"911\" src=\"https:\/\/vilanova.travel\/casamuseoirmanscamba\/wp-content\/uploads\/2024\/09\/Lance_de_amor_1927_Francisco_Camba_La_novela_de_hoy.jpg\" class=\"attachment-full size-full wp-image-305\" alt=\"Lance_de_amor_1927_Francisco_Camba,_La_novela_de_hoy\" srcset=\"https:\/\/vilanova.travel\/casamuseoirmanscamba\/wp-content\/uploads\/2024\/09\/Lance_de_amor_1927_Francisco_Camba_La_novela_de_hoy.jpg 640w, https:\/\/vilanova.travel\/casamuseoirmanscamba\/wp-content\/uploads\/2024\/09\/Lance_de_amor_1927_Francisco_Camba_La_novela_de_hoy-211x300.jpg 211w\" sizes=\"(max-width: 640px) 100vw, 640px\" \/>\t\t\t\t\t\t\t\t\t\t\t\t\t\t\t<\/div>\n\t\t\t\t<\/div>\n\t\t\t\t<\/div>\n\t\t\t\t<\/div>\n\t\t\t\t<\/div>\n\t\t","protected":false},"excerpt":{"rendered":"<p>Francisco Camba Infancia Nacido en el a\u00f1o 1882, Francisco (Paco) Camba mostr\u00f3 desde muy peque\u00f1o su devoci\u00f3n por las letras. En 1898, sac\u00f3 el t\u00edtulo de Maestro y uno de sus primeros destinos fue Portomar\u00edn. Aprovech\u00f3 su estancia en esta localidad para colaborar con distintos medios de la \u00e9poca como La Idea moderna o El&hellip;&nbsp;<a href=\"https:\/\/vilanova.travel\/casamuseoirmanscamba\/francisco-camba\/\" rel=\"bookmark\">Leer m\u00e1s &raquo;<span class=\"screen-reader-text\">Francisco Camba<\/span><\/a><\/p>\n","protected":false},"author":1,"featured_media":0,"parent":0,"menu_order":0,"comment_status":"closed","ping_status":"closed","template":"elementor_header_footer","meta":{"inline_featured_image":false,"neve_meta_sidebar":"","neve_meta_container":"","neve_meta_enable_content_width":"","neve_meta_content_width":0,"neve_meta_title_alignment":"","neve_meta_author_avatar":"","neve_post_elements_order":"","neve_meta_disable_header":"","neve_meta_disable_footer":"","neve_meta_disable_title":"","footnotes":""},"class_list":["post-181","page","type-page","status-publish","hentry"],"_links":{"self":[{"href":"https:\/\/vilanova.travel\/casamuseoirmanscamba\/wp-json\/wp\/v2\/pages\/181","targetHints":{"allow":["GET"]}}],"collection":[{"href":"https:\/\/vilanova.travel\/casamuseoirmanscamba\/wp-json\/wp\/v2\/pages"}],"about":[{"href":"https:\/\/vilanova.travel\/casamuseoirmanscamba\/wp-json\/wp\/v2\/types\/page"}],"author":[{"embeddable":true,"href":"https:\/\/vilanova.travel\/casamuseoirmanscamba\/wp-json\/wp\/v2\/users\/1"}],"replies":[{"embeddable":true,"href":"https:\/\/vilanova.travel\/casamuseoirmanscamba\/wp-json\/wp\/v2\/comments?post=181"}],"version-history":[{"count":22,"href":"https:\/\/vilanova.travel\/casamuseoirmanscamba\/wp-json\/wp\/v2\/pages\/181\/revisions"}],"predecessor-version":[{"id":540,"href":"https:\/\/vilanova.travel\/casamuseoirmanscamba\/wp-json\/wp\/v2\/pages\/181\/revisions\/540"}],"wp:attachment":[{"href":"https:\/\/vilanova.travel\/casamuseoirmanscamba\/wp-json\/wp\/v2\/media?parent=181"}],"curies":[{"name":"wp","href":"https:\/\/api.w.org\/{rel}","templated":true}]}}